{"id":2771,"date":"2024-02-28T19:25:22","date_gmt":"2024-02-28T19:25:22","guid":{"rendered":"https:\/\/vibe.serviceswebmarketing.ca\/chariot\/"},"modified":"2025-08-11T17:34:21","modified_gmt":"2025-08-11T17:34:21","slug":"chariot","status":"publish","type":"page","link":"https:\/\/vibefoods.ca\/fr\/chariot\/","title":{"rendered":"Chariot"},"content":{"rendered":"\t\t<div data-elementor-type=\"wp-page\" data-elementor-id=\"2771\" class=\"elementor elementor-2771 elementor-16\" data-elementor-post-type=\"page\">\n\t\t\t\t<div class=\"elementor-element elementor-element-1180f345 e-con-full e-flex e-con e-parent\" data-id=\"1180f345\" data-element_type=\"container\">\n\t\t<div class=\"elementor-element elementor-element-a16bc02 e-con-full e-flex e-con e-child\" data-id=\"a16bc02\" data-element_type=\"container\" data-settings=\"{&quot;background_background&quot;:&quot;classic&quot;}\">\n\t\t<div class=\"elementor-element elementor-element-41a5d97 e-con-full e-flex e-con e-child\" data-id=\"41a5d97\" data-element_type=\"container\" data-settings=\"{&quot;background_background&quot;:&quot;classic&quot;}\">\n\t\t\t\t<div class=\"elementor-element elementor-element-c5b6ed1 elementor-widget elementor-widget-heading\" data-id=\"c5b6ed1\" data-element_type=\"widget\" data-widget_type=\"heading.default\">\n\t\t\t\t<div class=\"elementor-widget-container\">\n\t\t\t\t\t<h2 class=\"elementor-heading-title elementor-size-default\">Chariot<\/h2>\t\t\t\t<\/div>\n\t\t\t\t<\/div>\n\t\t\t\t<\/div>\n\t\t\t\t<\/div>\n\t\t\t\t<\/div>\n\t\t<div class=\"elementor-element elementor-element-2d3d4c2 e-con-full e-flex e-con e-parent\" data-id=\"2d3d4c2\" data-element_type=\"container\">\n\t\t<div class=\"elementor-element elementor-element-15e2378 e-con-full e-flex e-con e-child\" data-id=\"15e2378\" data-element_type=\"container\">\n\t\t\t\t<\/div>\n\t\t\t\t<\/div>\n\t\t\t\t<\/div>\n\t\t","protected":false},"excerpt":{"rendered":"<p>Chariot Remove item Thumbnail image Product Price Quantity Subtotal &times; Chips de chou fris\u00e9 \u00e0 l&rsquo;ail et \u00e0 l&rsquo;aneth &#8211; 6 Pack 39.95&#36; Chips de chou fris\u00e9 \u00e0 l&#039;ail et \u00e0 l&#039;aneth &#8211; 6 Pack&nbsp; quantity 39.95&#36; Update Cart Apply coupon Cart Totals Subtotal 39.95&#36; Shipping Flat rate: 10.00&#36; Shipping to QC. Change address Country [&hellip;]<\/p>\n","protected":false},"author":9196,"featured_media":0,"parent":0,"menu_order":0,"comment_status":"closed","ping_status":"closed","template":"","meta":{"footnotes":""},"class_list":["post-2771","page","type-page","status-publish","hentry"],"yoast_head":"<!-- This site is optimized with the Yoast SEO plugin v26.7 - https:\/\/yoast.com\/wordpress\/plugins\/seo\/ -->\n<title>Votre chariot | Boutique en ligne Vibe Foods<\/title>\n<meta name=\"description\" content=\"Consultez et modifiez votre chariot avant de passer \u00e0 la caisse. Compl\u00e9tez votre commande de collations v\u00e9g\u00e9tales artisanales Vibe Foods.\" \/>\n<meta name=\"robots\" content=\"index, follow, max-snippet:-1, max-image-preview:large, max-video-preview:-1\" \/>\n<link rel=\"canonical\" href=\"https:\/\/vibefoods.ca\/fr\/chariot\/\" \/>\n<meta property=\"og:locale\" content=\"fr_FR\" \/>\n<meta property=\"og:type\" content=\"article\" \/>\n<meta property=\"og:title\" content=\"Votre chariot | Boutique en ligne Vibe Foods\" \/>\n<meta property=\"og:description\" content=\"Consultez et modifiez votre chariot avant de passer \u00e0 la caisse. Compl\u00e9tez votre commande de collations v\u00e9g\u00e9tales artisanales Vibe Foods d\u00e8s aujourd\u2019hui.\" \/>\n<meta property=\"og:url\" content=\"https:\/\/vibefoods.ca\/fr\/chariot\/\" \/>\n<meta property=\"og:site_name\" content=\"Vibe Foods Snacks\" \/>\n<meta property=\"article:publisher\" content=\"https:\/\/www.facebook.com\/Vibesupersnacks\" \/>\n<meta property=\"article:modified_time\" content=\"2025-08-11T17:34:21+00:00\" \/>\n<meta property=\"og:image\" content=\"https:\/\/vibefoods.ca\/wp-content\/uploads\/2025\/04\/mix-18.jpg\" \/>\n\t<meta property=\"og:image:width\" content=\"2000\" \/>\n\t<meta property=\"og:image:height\" content=\"1500\" \/>\n\t<meta property=\"og:image:type\" content=\"image\/jpeg\" \/>\n<script type=\"application\/ld+json\" class=\"yoast-schema-graph\">{\"@context\":\"https:\/\/schema.org\",\"@graph\":[{\"@type\":\"WebPage\",\"@id\":\"https:\/\/vibefoods.ca\/fr\/chariot\/\",\"url\":\"https:\/\/vibefoods.ca\/fr\/chariot\/\",\"name\":\"Votre chariot | Boutique en ligne Vibe Foods\",\"isPartOf\":{\"@id\":\"https:\/\/vibefoods.ca\/#website\"},\"primaryImageOfPage\":{\"@id\":\"https:\/\/vibefoods.ca\/fr\/chariot\/#primaryimage\"},\"image\":{\"@id\":\"https:\/\/vibefoods.ca\/fr\/chariot\/#primaryimage\"},\"thumbnailUrl\":\"https:\/\/vibefoods.ca\/wp-content\/uploads\/2024\/03\/Vibe-6-Pack-Kale-Chips-Crunchy-Garlic-Dill-Plant-Based-Vegan-Gluten-Free-Keto-Friendly-Non-GMO-Made-in-Canada-75g-Pack-of-6-300x300.jpg\",\"datePublished\":\"2024-02-28T19:25:22+00:00\",\"dateModified\":\"2025-08-11T17:34:21+00:00\",\"description\":\"Consultez et modifiez votre chariot avant de passer \u00e0 la caisse. Compl\u00e9tez votre commande de collations v\u00e9g\u00e9tales artisanales Vibe Foods.\",\"breadcrumb\":{\"@id\":\"https:\/\/vibefoods.ca\/fr\/chariot\/#breadcrumb\"},\"inLanguage\":\"fr-FR\",\"potentialAction\":[{\"@type\":\"ReadAction\",\"target\":[\"https:\/\/vibefoods.ca\/fr\/chariot\/\"]}]},{\"@type\":\"ImageObject\",\"inLanguage\":\"fr-FR\",\"@id\":\"https:\/\/vibefoods.ca\/fr\/chariot\/#primaryimage\",\"url\":\"https:\/\/vibefoods.ca\/wp-content\/uploads\/2024\/03\/Vibe-6-Pack-Kale-Chips-Crunchy-Garlic-Dill-Plant-Based-Vegan-Gluten-Free-Keto-Friendly-Non-GMO-Made-in-Canada-75g-Pack-of-6-300x300.jpg\",\"contentUrl\":\"https:\/\/vibefoods.ca\/wp-content\/uploads\/2024\/03\/Vibe-6-Pack-Kale-Chips-Crunchy-Garlic-Dill-Plant-Based-Vegan-Gluten-Free-Keto-Friendly-Non-GMO-Made-in-Canada-75g-Pack-of-6-300x300.jpg\"},{\"@type\":\"BreadcrumbList\",\"@id\":\"https:\/\/vibefoods.ca\/fr\/chariot\/#breadcrumb\",\"itemListElement\":[{\"@type\":\"ListItem\",\"position\":1,\"name\":\"Home\",\"item\":\"https:\/\/vibefoods.ca\/fr\/\"},{\"@type\":\"ListItem\",\"position\":2,\"name\":\"Chariot\"}]},{\"@type\":\"WebSite\",\"@id\":\"https:\/\/vibefoods.ca\/#website\",\"url\":\"https:\/\/vibefoods.ca\/\",\"name\":\"Vibe Foods\",\"description\":\"Your ultimate healthy snack\",\"publisher\":{\"@id\":\"https:\/\/vibefoods.ca\/#organization\"},\"alternateName\":\"Aliments Vibe Foods\",\"potentialAction\":[{\"@type\":\"SearchAction\",\"target\":{\"@type\":\"EntryPoint\",\"urlTemplate\":\"https:\/\/vibefoods.ca\/?s={search_term_string}\"},\"query-input\":{\"@type\":\"PropertyValueSpecification\",\"valueRequired\":true,\"valueName\":\"search_term_string\"}}],\"inLanguage\":\"fr-FR\"},{\"@type\":\"Organization\",\"@id\":\"https:\/\/vibefoods.ca\/#organization\",\"name\":\"Vibe Foods Snacks\",\"alternateName\":\"Aliments Vibe Foods\",\"url\":\"https:\/\/vibefoods.ca\/\",\"logo\":{\"@type\":\"ImageObject\",\"inLanguage\":\"fr-FR\",\"@id\":\"https:\/\/vibefoods.ca\/#\/schema\/logo\/image\/\",\"url\":\"https:\/\/vibefoods.ca\/wp-content\/uploads\/2026\/02\/Logo_Vibe_Renverser1-basse-resolution.jpg\",\"contentUrl\":\"https:\/\/vibefoods.ca\/wp-content\/uploads\/2026\/02\/Logo_Vibe_Renverser1-basse-resolution.jpg\",\"width\":768,\"height\":768,\"caption\":\"Vibe Foods Snacks\"},\"image\":{\"@id\":\"https:\/\/vibefoods.ca\/#\/schema\/logo\/image\/\"},\"sameAs\":[\"https:\/\/www.facebook.com\/Vibesupersnacks\",\"https:\/\/www.tiktok.com\/@vibesupersnacks\",\"https:\/\/www.instagram.com\/vibesupersnacks\"]}]}<\/script>\n<!-- \/ Yoast SEO plugin. -->","yoast_head_json":{"title":"Votre chariot | Boutique en ligne Vibe Foods","description":"Consultez et modifiez votre chariot avant de passer \u00e0 la caisse. Compl\u00e9tez votre commande de collations v\u00e9g\u00e9tales artisanales Vibe Foods.","robots":{"index":"index","follow":"follow","max-snippet":"max-snippet:-1","max-image-preview":"max-image-preview:large","max-video-preview":"max-video-preview:-1"},"canonical":"https:\/\/vibefoods.ca\/fr\/chariot\/","og_locale":"fr_FR","og_type":"article","og_title":"Votre chariot | Boutique en ligne Vibe Foods","og_description":"Consultez et modifiez votre chariot avant de passer \u00e0 la caisse. Compl\u00e9tez votre commande de collations v\u00e9g\u00e9tales artisanales Vibe Foods d\u00e8s aujourd\u2019hui.","og_url":"https:\/\/vibefoods.ca\/fr\/chariot\/","og_site_name":"Vibe Foods Snacks","article_publisher":"https:\/\/www.facebook.com\/Vibesupersnacks","article_modified_time":"2025-08-11T17:34:21+00:00","og_image":[{"width":2000,"height":1500,"url":"https:\/\/vibefoods.ca\/wp-content\/uploads\/2025\/04\/mix-18.jpg","type":"image\/jpeg"}],"schema":{"@context":"https:\/\/schema.org","@graph":[{"@type":"WebPage","@id":"https:\/\/vibefoods.ca\/fr\/chariot\/","url":"https:\/\/vibefoods.ca\/fr\/chariot\/","name":"Votre chariot | Boutique en ligne Vibe Foods","isPartOf":{"@id":"https:\/\/vibefoods.ca\/#website"},"primaryImageOfPage":{"@id":"https:\/\/vibefoods.ca\/fr\/chariot\/#primaryimage"},"image":{"@id":"https:\/\/vibefoods.ca\/fr\/chariot\/#primaryimage"},"thumbnailUrl":"https:\/\/vibefoods.ca\/wp-content\/uploads\/2024\/03\/Vibe-6-Pack-Kale-Chips-Crunchy-Garlic-Dill-Plant-Based-Vegan-Gluten-Free-Keto-Friendly-Non-GMO-Made-in-Canada-75g-Pack-of-6-300x300.jpg","datePublished":"2024-02-28T19:25:22+00:00","dateModified":"2025-08-11T17:34:21+00:00","description":"Consultez et modifiez votre chariot avant de passer \u00e0 la caisse. Compl\u00e9tez votre commande de collations v\u00e9g\u00e9tales artisanales Vibe Foods.","breadcrumb":{"@id":"https:\/\/vibefoods.ca\/fr\/chariot\/#breadcrumb"},"inLanguage":"fr-FR","potentialAction":[{"@type":"ReadAction","target":["https:\/\/vibefoods.ca\/fr\/chariot\/"]}]},{"@type":"ImageObject","inLanguage":"fr-FR","@id":"https:\/\/vibefoods.ca\/fr\/chariot\/#primaryimage","url":"https:\/\/vibefoods.ca\/wp-content\/uploads\/2024\/03\/Vibe-6-Pack-Kale-Chips-Crunchy-Garlic-Dill-Plant-Based-Vegan-Gluten-Free-Keto-Friendly-Non-GMO-Made-in-Canada-75g-Pack-of-6-300x300.jpg","contentUrl":"https:\/\/vibefoods.ca\/wp-content\/uploads\/2024\/03\/Vibe-6-Pack-Kale-Chips-Crunchy-Garlic-Dill-Plant-Based-Vegan-Gluten-Free-Keto-Friendly-Non-GMO-Made-in-Canada-75g-Pack-of-6-300x300.jpg"},{"@type":"BreadcrumbList","@id":"https:\/\/vibefoods.ca\/fr\/chariot\/#breadcrumb","itemListElement":[{"@type":"ListItem","position":1,"name":"Home","item":"https:\/\/vibefoods.ca\/fr\/"},{"@type":"ListItem","position":2,"name":"Chariot"}]},{"@type":"WebSite","@id":"https:\/\/vibefoods.ca\/#website","url":"https:\/\/vibefoods.ca\/","name":"Vibe Foods","description":"Your ultimate healthy snack","publisher":{"@id":"https:\/\/vibefoods.ca\/#organization"},"alternateName":"Aliments Vibe Foods","potentialAction":[{"@type":"SearchAction","target":{"@type":"EntryPoint","urlTemplate":"https:\/\/vibefoods.ca\/?s={search_term_string}"},"query-input":{"@type":"PropertyValueSpecification","valueRequired":true,"valueName":"search_term_string"}}],"inLanguage":"fr-FR"},{"@type":"Organization","@id":"https:\/\/vibefoods.ca\/#organization","name":"Vibe Foods Snacks","alternateName":"Aliments Vibe Foods","url":"https:\/\/vibefoods.ca\/","logo":{"@type":"ImageObject","inLanguage":"fr-FR","@id":"https:\/\/vibefoods.ca\/#\/schema\/logo\/image\/","url":"https:\/\/vibefoods.ca\/wp-content\/uploads\/2026\/02\/Logo_Vibe_Renverser1-basse-resolution.jpg","contentUrl":"https:\/\/vibefoods.ca\/wp-content\/uploads\/2026\/02\/Logo_Vibe_Renverser1-basse-resolution.jpg","width":768,"height":768,"caption":"Vibe Foods Snacks"},"image":{"@id":"https:\/\/vibefoods.ca\/#\/schema\/logo\/image\/"},"sameAs":["https:\/\/www.facebook.com\/Vibesupersnacks","https:\/\/www.tiktok.com\/@vibesupersnacks","https:\/\/www.instagram.com\/vibesupersnacks"]}]}},"_links":{"self":[{"href":"https:\/\/vibefoods.ca\/fr\/wp-json\/wp\/v2\/pages\/2771","targetHints":{"allow":["GET"]}}],"collection":[{"href":"https:\/\/vibefoods.ca\/fr\/wp-json\/wp\/v2\/pages"}],"about":[{"href":"https:\/\/vibefoods.ca\/fr\/wp-json\/wp\/v2\/types\/page"}],"author":[{"embeddable":true,"href":"https:\/\/vibefoods.ca\/fr\/wp-json\/wp\/v2\/users\/9196"}],"replies":[{"embeddable":true,"href":"https:\/\/vibefoods.ca\/fr\/wp-json\/wp\/v2\/comments?post=2771"}],"version-history":[{"count":11,"href":"https:\/\/vibefoods.ca\/fr\/wp-json\/wp\/v2\/pages\/2771\/revisions"}],"predecessor-version":[{"id":4670,"href":"https:\/\/vibefoods.ca\/fr\/wp-json\/wp\/v2\/pages\/2771\/revisions\/4670"}],"wp:attachment":[{"href":"https:\/\/vibefoods.ca\/fr\/wp-json\/wp\/v2\/media?parent=2771"}],"curies":[{"name":"wp","href":"https:\/\/api.w.org\/{rel}","templated":true}]}}