{"id":3723,"date":"2024-03-19T16:45:33","date_gmt":"2024-03-19T16:45:33","guid":{"rendered":"https:\/\/vibe.serviceswebmarketing.ca\/?page_id=3723"},"modified":"2025-08-11T17:53:23","modified_gmt":"2025-08-11T17:53:23","slug":"contact","status":"publish","type":"page","link":"https:\/\/vibefoods.ca\/fr\/contact\/","title":{"rendered":"Contact"},"content":{"rendered":"\t\t<div data-elementor-type=\"wp-page\" data-elementor-id=\"3723\" class=\"elementor elementor-3723\" data-elementor-post-type=\"page\">\n\t\t\t\t<div class=\"elementor-element elementor-element-1180f345 e-con-full e-flex e-con e-parent\" data-id=\"1180f345\" data-element_type=\"container\">\n\t\t<div class=\"elementor-element elementor-element-a16bc02 e-con-full e-flex e-con e-child\" data-id=\"a16bc02\" data-element_type=\"container\" data-settings=\"{&quot;background_background&quot;:&quot;classic&quot;}\">\n\t\t<div class=\"elementor-element elementor-element-41a5d97 e-con-full e-flex e-con e-child\" data-id=\"41a5d97\" data-element_type=\"container\" data-settings=\"{&quot;background_background&quot;:&quot;classic&quot;}\">\n\t\t\t\t<div class=\"elementor-element elementor-element-c5b6ed1 elementor-widget elementor-widget-heading\" data-id=\"c5b6ed1\" data-element_type=\"widget\" data-widget_type=\"heading.default\">\n\t\t\t\t<div class=\"elementor-widget-container\">\n\t\t\t\t\t<h2 class=\"elementor-heading-title elementor-size-default\">Contactez-nous<\/h2>\t\t\t\t<\/div>\n\t\t\t\t<\/div>\n\t\t\t\t<\/div>\n\t\t\t\t<\/div>\n\t\t\t\t<\/div>\n\t\t<div class=\"elementor-element elementor-element-2d3d4c2 e-con-full e-flex e-con e-parent\" data-id=\"2d3d4c2\" data-element_type=\"container\">\n\t\t\t\t<div class=\"elementor-element elementor-element-84958cf elementor-widget elementor-widget-google_maps\" data-id=\"84958cf\" data-element_type=\"widget\" data-widget_type=\"google_maps.default\">\n\t\t\t\t<div class=\"elementor-widget-container\">\n\t\t\t\t\t\t\t<div class=\"elementor-custom-embed\">\n\t\t\t<iframe loading=\"lazy\"\n\t\t\t\t\tsrc=\"https:\/\/maps.google.com\/maps?q=Lachute%2C%20Quebec%2C%20Canada&#038;t=m&#038;z=13&#038;output=embed&#038;iwloc=near\"\n\t\t\t\t\ttitle=\"Lachute, Quebec, Canada\"\n\t\t\t\t\taria-label=\"Lachute, Quebec, Canada\"\n\t\t\t><\/iframe>\n\t\t<\/div>\n\t\t\t\t\t\t<\/div>\n\t\t\t\t<\/div>\n\t\t\t\t<\/div>\n\t\t<div class=\"elementor-element elementor-element-a0878d2 e-con-full e-flex e-con e-parent\" data-id=\"a0878d2\" data-element_type=\"container\">\n\t\t<div class=\"elementor-element elementor-element-a911e31 e-con-full e-flex e-con e-child\" data-id=\"a911e31\" data-element_type=\"container\">\n\t\t<div class=\"elementor-element elementor-element-85b5315 e-con-full e-flex e-con e-child\" data-id=\"85b5315\" data-element_type=\"container\">\n\t\t\t\t<div class=\"elementor-element elementor-element-221ad81 elementor-widget elementor-widget-heading\" data-id=\"221ad81\" data-element_type=\"widget\" data-widget_type=\"heading.default\">\n\t\t\t\t<div class=\"elementor-widget-container\">\n\t\t\t\t\t<h2 class=\"elementor-heading-title elementor-size-default\">Nos coordonn\u00e9es<\/h2>\t\t\t\t<\/div>\n\t\t\t\t<\/div>\n\t\t\t\t<div class=\"elementor-element elementor-element-0f0b855 elementor-widget elementor-widget-heading\" data-id=\"0f0b855\" data-element_type=\"widget\" data-widget_type=\"heading.default\">\n\t\t\t\t<div class=\"elementor-widget-container\">\n\t\t\t\t\t<h1 class=\"elementor-heading-title elementor-size-default\"><a href=\"mailto:info@vibefoods.ca\">Vibe Foods<\/a><\/h1>\t\t\t\t<\/div>\n\t\t\t\t<\/div>\n\t\t\t\t<div class=\"elementor-element elementor-element-8732e95 elementor-widget elementor-widget-heading\" data-id=\"8732e95\" data-element_type=\"widget\" data-widget_type=\"heading.default\">\n\t\t\t\t<div class=\"elementor-widget-container\">\n\t\t\t\t\t<h1 class=\"elementor-heading-title elementor-size-default\">Lachute, Qu\u00e9bec J8H 3R8<\/h1>\t\t\t\t<\/div>\n\t\t\t\t<\/div>\n\t\t\t\t<div class=\"elementor-element elementor-element-a37be65 elementor-widget elementor-widget-heading\" data-id=\"a37be65\" data-element_type=\"widget\" data-widget_type=\"heading.default\">\n\t\t\t\t<div class=\"elementor-widget-container\">\n\t\t\t\t\t<h1 class=\"elementor-heading-title elementor-size-default\"><a href=\"mailto:info@vibefoods.ca\">info@vibefoods.ca<\/a><\/h1>\t\t\t\t<\/div>\n\t\t\t\t<\/div>\n\t\t\t\t<\/div>\n\t\t<div class=\"elementor-element elementor-element-6adfce9 e-con-full e-flex e-con e-child\" data-id=\"6adfce9\" data-element_type=\"container\">\n\t\t\t\t<div class=\"elementor-element elementor-element-b865e8e elementor-widget elementor-widget-heading\" data-id=\"b865e8e\" data-element_type=\"widget\" data-widget_type=\"heading.default\">\n\t\t\t\t<div class=\"elementor-widget-container\">\n\t\t\t\t\t<h2 class=\"elementor-heading-title elementor-size-default\">\u00c9crivez-nous<\/h2>\t\t\t\t<\/div>\n\t\t\t\t<\/div>\n\t\t\t\t<div class=\"elementor-element elementor-element-d1cac60 elementor-button-align-stretch elementor-widget elementor-widget-form\" data-id=\"d1cac60\" data-element_type=\"widget\" data-settings=\"{&quot;step_next_label&quot;:&quot;Next&quot;,&quot;step_previous_label&quot;:&quot;Previous&quot;,&quot;button_width&quot;:&quot;20&quot;,&quot;step_type&quot;:&quot;number_text&quot;,&quot;step_icon_shape&quot;:&quot;circle&quot;}\" data-widget_type=\"form.default\">\n\t\t\t\t<div class=\"elementor-widget-container\">\n\t\t\t\t\t\t\t<form class=\"elementor-form\" method=\"post\" name=\"Formulaire de contact\" aria-label=\"Formulaire de contact\">\n\t\t\t<input type=\"hidden\" name=\"post_id\" value=\"3723\"\/>\n\t\t\t<input type=\"hidden\" name=\"form_id\" value=\"d1cac60\"\/>\n\t\t\t<input type=\"hidden\" name=\"referer_title\" value=\"Contactez-nous | Service client Vibe Foods\" \/>\n\n\t\t\t\t\t\t\t<input type=\"hidden\" name=\"queried_id\" value=\"3723\"\/>\n\t\t\t\n\t\t\t<div class=\"elementor-form-fields-wrapper elementor-labels-above\">\n\t\t\t\t\t\t\t\t<div class=\"elementor-field-type-text elementor-field-group elementor-column elementor-field-group-message elementor-col-50 elementor-field-required elementor-mark-required\">\n\t\t\t\t\t\t\t\t\t\t\t\t<label for=\"form-field-message\" class=\"elementor-field-label\">\n\t\t\t\t\t\t\t\tPR\u00c9NOM\t\t\t\t\t\t\t<\/label>\n\t\t\t\t\t\t\t\t\t\t\t\t\t\t<input size=\"1\" type=\"text\" name=\"form_fields[message]\" id=\"form-field-message\" class=\"elementor-field elementor-size-xs  elementor-field-textual\" required=\"required\">\n\t\t\t\t\t\t\t\t\t\t\t<\/div>\n\t\t\t\t\t\t\t\t<div class=\"elementor-field-type-text elementor-field-group elementor-column elementor-field-group-name elementor-col-50 elementor-field-required elementor-mark-required\">\n\t\t\t\t\t\t\t\t\t\t\t\t<label for=\"form-field-name\" class=\"elementor-field-label\">\n\t\t\t\t\t\t\t\tNOM\t\t\t\t\t\t\t<\/label>\n\t\t\t\t\t\t\t\t\t\t\t\t\t\t<input size=\"1\" type=\"text\" name=\"form_fields[name]\" id=\"form-field-name\" class=\"elementor-field elementor-size-xs  elementor-field-textual\" required=\"required\">\n\t\t\t\t\t\t\t\t\t\t\t<\/div>\n\t\t\t\t\t\t\t\t<div class=\"elementor-field-type-email elementor-field-group elementor-column elementor-field-group-email elementor-col-50 elementor-field-required elementor-mark-required\">\n\t\t\t\t\t\t\t\t\t\t\t\t<label for=\"form-field-email\" class=\"elementor-field-label\">\n\t\t\t\t\t\t\t\tE-MAIL\t\t\t\t\t\t\t<\/label>\n\t\t\t\t\t\t\t\t\t\t\t\t\t\t<input size=\"1\" type=\"email\" name=\"form_fields[email]\" id=\"form-field-email\" class=\"elementor-field elementor-size-xs  elementor-field-textual\" required=\"required\">\n\t\t\t\t\t\t\t\t\t\t\t<\/div>\n\t\t\t\t\t\t\t\t<div class=\"elementor-field-type-text elementor-field-group elementor-column elementor-field-group-field_f4f850c elementor-col-50 elementor-field-required elementor-mark-required\">\n\t\t\t\t\t\t\t\t\t\t\t\t<label for=\"form-field-field_f4f850c\" class=\"elementor-field-label\">\n\t\t\t\t\t\t\t\tSUJET\t\t\t\t\t\t\t<\/label>\n\t\t\t\t\t\t\t\t\t\t\t\t\t\t<input size=\"1\" type=\"text\" name=\"form_fields[field_f4f850c]\" id=\"form-field-field_f4f850c\" class=\"elementor-field elementor-size-xs  elementor-field-textual\" required=\"required\">\n\t\t\t\t\t\t\t\t\t\t\t<\/div>\n\t\t\t\t\t\t\t\t<div class=\"elementor-field-type-textarea elementor-field-group elementor-column elementor-field-group-field_38b17f6 elementor-col-100 elementor-field-required elementor-mark-required\">\n\t\t\t\t\t\t\t\t\t\t\t\t<label for=\"form-field-field_38b17f6\" class=\"elementor-field-label\">\n\t\t\t\t\t\t\t\tVOTRE MESSAGE\t\t\t\t\t\t\t<\/label>\n\t\t\t\t\t\t<textarea class=\"elementor-field-textual elementor-field  elementor-size-xs\" name=\"form_fields[field_38b17f6]\" id=\"form-field-field_38b17f6\" rows=\"4\" required=\"required\"><\/textarea>\t\t\t\t<\/div>\n\t\t\t\t\t\t\t\t<div class=\"elementor-field-type-recaptcha elementor-field-group elementor-column elementor-field-group-field_699d656 elementor-col-100\">\n\t\t\t\t\t<div class=\"elementor-field\" id=\"form-field-field_699d656\"><div class=\"elementor-g-recaptcha\" data-sitekey=\"6LdnDd8pAAAAAFUfQ982bpfXUnNOb5pWKjQ2sqUH\" data-type=\"v2_checkbox\" data-theme=\"light\" data-size=\"normal\"><\/div><\/div>\t\t\t\t<\/div>\n\t\t\t\t\t\t\t\t<div class=\"elementor-field-group elementor-column elementor-field-type-submit elementor-col-20 e-form__buttons\">\n\t\t\t\t\t<button class=\"elementor-button elementor-size-sm\" type=\"submit\">\n\t\t\t\t\t\t<span class=\"elementor-button-content-wrapper\">\n\t\t\t\t\t\t\t\t\t\t\t\t\t\t\t<span class=\"elementor-button-icon\">\n\t\t\t\t\t\t\t\t\t<svg aria-hidden=\"true\" class=\"e-font-icon-svg e-fas-chevron-right\" viewBox=\"0 0 320 512\" xmlns=\"http:\/\/www.w3.org\/2000\/svg\"><path d=\"M285.476 272.971L91.132 467.314c-9.373 9.373-24.569 9.373-33.941 0l-22.667-22.667c-9.357-9.357-9.375-24.522-.04-33.901L188.505 256 34.484 101.255c-9.335-9.379-9.317-24.544.04-33.901l22.667-22.667c9.373-9.373 24.569-9.373 33.941 0L285.475 239.03c9.373 9.372 9.373 24.568.001 33.941z\"><\/path><\/svg>\t\t\t\t\t\t\t\t\t\t\t\t\t\t\t\t\t<\/span>\n\t\t\t\t\t\t\t\t\t\t\t\t\t\t\t\t\t\t\t\t\t\t<span class=\"elementor-button-text\">ENVOYER<\/span>\n\t\t\t\t\t\t\t\t\t\t\t\t\t<\/span>\n\t\t\t\t\t<\/button>\n\t\t\t\t<\/div>\n\t\t\t<\/div>\n\t\t<\/form>\n\t\t\t\t\t\t<\/div>\n\t\t\t\t<\/div>\n\t\t\t\t<\/div>\n\t\t\t\t<\/div>\n\t\t\t\t<\/div>\n\t\t\t\t<\/div>\n\t\t","protected":false},"excerpt":{"rendered":"<p>Contactez-nous Nos coordonn\u00e9es Vibe Foods Lachute, Qu\u00e9bec J8H 3R8 info@vibefoods.ca \u00c9crivez-nous<\/p>\n","protected":false},"author":9196,"featured_media":0,"parent":0,"menu_order":0,"comment_status":"closed","ping_status":"closed","template":"","meta":{"footnotes":""},"class_list":["post-3723","page","type-page","status-publish","hentry"],"yoast_head":"<!-- This site is optimized with the Yoast SEO plugin v26.7 - https:\/\/yoast.com\/wordpress\/plugins\/seo\/ -->\n<title>Contactez-nous | Service client Vibe Foods<\/title>\n<meta name=\"description\" content=\"Joignez l\u2019\u00e9quipe Vibe Foods pour toute question sur nos collations v\u00e9g\u00e9tales artisanales, commandes en ligne ou points de vente au Qu\u00e9bec.\" \/>\n<meta name=\"robots\" content=\"index, follow, max-snippet:-1, max-image-preview:large, max-video-preview:-1\" \/>\n<link rel=\"canonical\" href=\"https:\/\/vibefoods.ca\/fr\/contact\/\" \/>\n<meta property=\"og:locale\" content=\"fr_FR\" \/>\n<meta property=\"og:type\" content=\"article\" \/>\n<meta property=\"og:title\" content=\"Contactez-nous | Service client Vibe Foods\" \/>\n<meta property=\"og:description\" content=\"Joignez l\u2019\u00e9quipe Vibe Foods pour toute question sur nos collations v\u00e9g\u00e9tales artisanales, commandes en ligne ou points de vente au Qu\u00e9bec et au Canada.\" \/>\n<meta property=\"og:url\" content=\"https:\/\/vibefoods.ca\/fr\/contact\/\" \/>\n<meta property=\"og:site_name\" content=\"Vibe Foods Snacks\" \/>\n<meta property=\"article:publisher\" content=\"https:\/\/www.facebook.com\/Vibesupersnacks\" \/>\n<meta property=\"article:modified_time\" content=\"2025-08-11T17:53:23+00:00\" \/>\n<meta property=\"og:image\" content=\"https:\/\/vibefoods.ca\/wp-content\/uploads\/2024\/03\/our-product.jpg\" \/>\n\t<meta property=\"og:image:width\" content=\"2000\" \/>\n\t<meta property=\"og:image:height\" content=\"625\" \/>\n\t<meta property=\"og:image:type\" content=\"image\/jpeg\" \/>\n<script type=\"application\/ld+json\" class=\"yoast-schema-graph\">{\"@context\":\"https:\/\/schema.org\",\"@graph\":[{\"@type\":\"WebPage\",\"@id\":\"https:\/\/vibefoods.ca\/fr\/contact\/\",\"url\":\"https:\/\/vibefoods.ca\/fr\/contact\/\",\"name\":\"Contactez-nous | Service client Vibe Foods\",\"isPartOf\":{\"@id\":\"https:\/\/vibefoods.ca\/#website\"},\"datePublished\":\"2024-03-19T16:45:33+00:00\",\"dateModified\":\"2025-08-11T17:53:23+00:00\",\"description\":\"Joignez l\u2019\u00e9quipe Vibe Foods pour toute question sur nos collations v\u00e9g\u00e9tales artisanales, commandes en ligne ou points de vente au Qu\u00e9bec.\",\"breadcrumb\":{\"@id\":\"https:\/\/vibefoods.ca\/fr\/contact\/#breadcrumb\"},\"inLanguage\":\"fr-FR\",\"potentialAction\":[{\"@type\":\"ReadAction\",\"target\":[\"https:\/\/vibefoods.ca\/fr\/contact\/\"]}]},{\"@type\":\"BreadcrumbList\",\"@id\":\"https:\/\/vibefoods.ca\/fr\/contact\/#breadcrumb\",\"itemListElement\":[{\"@type\":\"ListItem\",\"position\":1,\"name\":\"Home\",\"item\":\"https:\/\/vibefoods.ca\/fr\/\"},{\"@type\":\"ListItem\",\"position\":2,\"name\":\"Contact\"}]},{\"@type\":\"WebSite\",\"@id\":\"https:\/\/vibefoods.ca\/#website\",\"url\":\"https:\/\/vibefoods.ca\/\",\"name\":\"Vibe Foods\",\"description\":\"Your ultimate healthy snack\",\"publisher\":{\"@id\":\"https:\/\/vibefoods.ca\/#organization\"},\"alternateName\":\"Aliments Vibe Foods\",\"potentialAction\":[{\"@type\":\"SearchAction\",\"target\":{\"@type\":\"EntryPoint\",\"urlTemplate\":\"https:\/\/vibefoods.ca\/?s={search_term_string}\"},\"query-input\":{\"@type\":\"PropertyValueSpecification\",\"valueRequired\":true,\"valueName\":\"search_term_string\"}}],\"inLanguage\":\"fr-FR\"},{\"@type\":\"Organization\",\"@id\":\"https:\/\/vibefoods.ca\/#organization\",\"name\":\"Vibe Foods Snacks\",\"alternateName\":\"Aliments Vibe Foods\",\"url\":\"https:\/\/vibefoods.ca\/\",\"logo\":{\"@type\":\"ImageObject\",\"inLanguage\":\"fr-FR\",\"@id\":\"https:\/\/vibefoods.ca\/#\/schema\/logo\/image\/\",\"url\":\"https:\/\/vibefoods.ca\/wp-content\/uploads\/2026\/02\/Logo_Vibe_Renverser1-basse-resolution.jpg\",\"contentUrl\":\"https:\/\/vibefoods.ca\/wp-content\/uploads\/2026\/02\/Logo_Vibe_Renverser1-basse-resolution.jpg\",\"width\":768,\"height\":768,\"caption\":\"Vibe Foods Snacks\"},\"image\":{\"@id\":\"https:\/\/vibefoods.ca\/#\/schema\/logo\/image\/\"},\"sameAs\":[\"https:\/\/www.facebook.com\/Vibesupersnacks\",\"https:\/\/www.tiktok.com\/@vibesupersnacks\",\"https:\/\/www.instagram.com\/vibesupersnacks\"]}]}<\/script>\n<!-- \/ Yoast SEO plugin. -->","yoast_head_json":{"title":"Contactez-nous | Service client Vibe Foods","description":"Joignez l\u2019\u00e9quipe Vibe Foods pour toute question sur nos collations v\u00e9g\u00e9tales artisanales, commandes en ligne ou points de vente au Qu\u00e9bec.","robots":{"index":"index","follow":"follow","max-snippet":"max-snippet:-1","max-image-preview":"max-image-preview:large","max-video-preview":"max-video-preview:-1"},"canonical":"https:\/\/vibefoods.ca\/fr\/contact\/","og_locale":"fr_FR","og_type":"article","og_title":"Contactez-nous | Service client Vibe Foods","og_description":"Joignez l\u2019\u00e9quipe Vibe Foods pour toute question sur nos collations v\u00e9g\u00e9tales artisanales, commandes en ligne ou points de vente au Qu\u00e9bec et au Canada.","og_url":"https:\/\/vibefoods.ca\/fr\/contact\/","og_site_name":"Vibe Foods Snacks","article_publisher":"https:\/\/www.facebook.com\/Vibesupersnacks","article_modified_time":"2025-08-11T17:53:23+00:00","og_image":[{"width":2000,"height":625,"url":"https:\/\/vibefoods.ca\/wp-content\/uploads\/2024\/03\/our-product.jpg","type":"image\/jpeg"}],"schema":{"@context":"https:\/\/schema.org","@graph":[{"@type":"WebPage","@id":"https:\/\/vibefoods.ca\/fr\/contact\/","url":"https:\/\/vibefoods.ca\/fr\/contact\/","name":"Contactez-nous | Service client Vibe Foods","isPartOf":{"@id":"https:\/\/vibefoods.ca\/#website"},"datePublished":"2024-03-19T16:45:33+00:00","dateModified":"2025-08-11T17:53:23+00:00","description":"Joignez l\u2019\u00e9quipe Vibe Foods pour toute question sur nos collations v\u00e9g\u00e9tales artisanales, commandes en ligne ou points de vente au Qu\u00e9bec.","breadcrumb":{"@id":"https:\/\/vibefoods.ca\/fr\/contact\/#breadcrumb"},"inLanguage":"fr-FR","potentialAction":[{"@type":"ReadAction","target":["https:\/\/vibefoods.ca\/fr\/contact\/"]}]},{"@type":"BreadcrumbList","@id":"https:\/\/vibefoods.ca\/fr\/contact\/#breadcrumb","itemListElement":[{"@type":"ListItem","position":1,"name":"Home","item":"https:\/\/vibefoods.ca\/fr\/"},{"@type":"ListItem","position":2,"name":"Contact"}]},{"@type":"WebSite","@id":"https:\/\/vibefoods.ca\/#website","url":"https:\/\/vibefoods.ca\/","name":"Vibe Foods","description":"Your ultimate healthy snack","publisher":{"@id":"https:\/\/vibefoods.ca\/#organization"},"alternateName":"Aliments Vibe Foods","potentialAction":[{"@type":"SearchAction","target":{"@type":"EntryPoint","urlTemplate":"https:\/\/vibefoods.ca\/?s={search_term_string}"},"query-input":{"@type":"PropertyValueSpecification","valueRequired":true,"valueName":"search_term_string"}}],"inLanguage":"fr-FR"},{"@type":"Organization","@id":"https:\/\/vibefoods.ca\/#organization","name":"Vibe Foods Snacks","alternateName":"Aliments Vibe Foods","url":"https:\/\/vibefoods.ca\/","logo":{"@type":"ImageObject","inLanguage":"fr-FR","@id":"https:\/\/vibefoods.ca\/#\/schema\/logo\/image\/","url":"https:\/\/vibefoods.ca\/wp-content\/uploads\/2026\/02\/Logo_Vibe_Renverser1-basse-resolution.jpg","contentUrl":"https:\/\/vibefoods.ca\/wp-content\/uploads\/2026\/02\/Logo_Vibe_Renverser1-basse-resolution.jpg","width":768,"height":768,"caption":"Vibe Foods Snacks"},"image":{"@id":"https:\/\/vibefoods.ca\/#\/schema\/logo\/image\/"},"sameAs":["https:\/\/www.facebook.com\/Vibesupersnacks","https:\/\/www.tiktok.com\/@vibesupersnacks","https:\/\/www.instagram.com\/vibesupersnacks"]}]}},"_links":{"self":[{"href":"https:\/\/vibefoods.ca\/fr\/wp-json\/wp\/v2\/pages\/3723","targetHints":{"allow":["GET"]}}],"collection":[{"href":"https:\/\/vibefoods.ca\/fr\/wp-json\/wp\/v2\/pages"}],"about":[{"href":"https:\/\/vibefoods.ca\/fr\/wp-json\/wp\/v2\/types\/page"}],"author":[{"embeddable":true,"href":"https:\/\/vibefoods.ca\/fr\/wp-json\/wp\/v2\/users\/9196"}],"replies":[{"embeddable":true,"href":"https:\/\/vibefoods.ca\/fr\/wp-json\/wp\/v2\/comments?post=3723"}],"version-history":[{"count":19,"href":"https:\/\/vibefoods.ca\/fr\/wp-json\/wp\/v2\/pages\/3723\/revisions"}],"predecessor-version":[{"id":4414,"href":"https:\/\/vibefoods.ca\/fr\/wp-json\/wp\/v2\/pages\/3723\/revisions\/4414"}],"wp:attachment":[{"href":"https:\/\/vibefoods.ca\/fr\/wp-json\/wp\/v2\/media?parent=3723"}],"curies":[{"name":"wp","href":"https:\/\/api.w.org\/{rel}","templated":true}]}}