{"id":4320,"date":"2024-04-02T13:07:38","date_gmt":"2024-04-02T13:07:38","guid":{"rendered":"https:\/\/vibe.serviceswebmarketing.ca\/?page_id=4320"},"modified":"2025-08-11T19:01:48","modified_gmt":"2025-08-11T19:01:48","slug":"politique-de-remboursement-ou-dechange","status":"publish","type":"page","link":"https:\/\/vibefoods.ca\/fr\/politique-de-remboursement-ou-dechange\/","title":{"rendered":"Politique de remboursement ou d&rsquo;\u00e9change"},"content":{"rendered":"\t\t<div data-elementor-type=\"wp-page\" data-elementor-id=\"4320\" class=\"elementor elementor-4320 elementor-4315\" data-elementor-post-type=\"page\">\n\t\t\t\t<div class=\"elementor-element elementor-element-1180f345 e-con-full e-flex e-con e-parent\" data-id=\"1180f345\" data-element_type=\"container\">\n\t\t<div class=\"elementor-element elementor-element-a16bc02 e-con-full e-flex e-con e-child\" data-id=\"a16bc02\" data-element_type=\"container\" data-settings=\"{&quot;background_background&quot;:&quot;classic&quot;}\">\n\t\t<div class=\"elementor-element elementor-element-41a5d97 e-con-full e-flex e-con e-child\" data-id=\"41a5d97\" data-element_type=\"container\" data-settings=\"{&quot;background_background&quot;:&quot;classic&quot;}\">\n\t\t\t\t<div class=\"elementor-element elementor-element-c5b6ed1 elementor-widget elementor-widget-heading\" data-id=\"c5b6ed1\" data-element_type=\"widget\" data-widget_type=\"heading.default\">\n\t\t\t\t<div class=\"elementor-widget-container\">\n\t\t\t\t\t<h2 class=\"elementor-heading-title elementor-size-default\">Politique de remboursement ou d'\u00e9change<\/h2>\t\t\t\t<\/div>\n\t\t\t\t<\/div>\n\t\t\t\t<\/div>\n\t\t\t\t<\/div>\n\t\t\t\t<\/div>\n\t\t<div class=\"elementor-element elementor-element-c94b53f e-flex e-con-boxed e-con e-parent\" data-id=\"c94b53f\" data-element_type=\"container\">\n\t\t\t\t\t<div class=\"e-con-inner\">\n\t\t<div class=\"elementor-element elementor-element-a0144ff e-con-full e-flex e-con e-child\" data-id=\"a0144ff\" data-element_type=\"container\">\n\t\t\t\t<\/div>\n\t\t\t\t\t<\/div>\n\t\t\t\t<\/div>\n\t\t<div class=\"elementor-element elementor-element-168a2e7 e-flex e-con-boxed e-con e-parent\" data-id=\"168a2e7\" data-element_type=\"container\">\n\t\t\t\t\t<div class=\"e-con-inner\">\n\t\t\t\t<div class=\"elementor-element elementor-element-167ddc4 elementor-widget elementor-widget-text-editor\" data-id=\"167ddc4\" data-element_type=\"widget\" data-widget_type=\"text-editor.default\">\n\t\t\t\t<div class=\"elementor-widget-container\">\n\t\t\t\t\t\t\t\t\t<p>Nous avons une politique de retour de 10 jours, ce qui signifie que vous avez 10 jours apr\u00e8s la r\u00e9ception de votre article pour demander un retour.<\/p><p>Pour pouvoir \u00eatre retourn\u00e9, votre article doit \u00eatre dans le m\u00eame \u00e9tat que celui dans lequel vous l\u2019avez re\u00e7u, non utilis\u00e9 et dans son emballage original. Vous aurez \u00e9galement besoin du re\u00e7u ou de la preuve d\u2019achat.<\/p><p>Pour proc\u00e9der \u00e0 un retour, vous pouvez nous contacter \u00e0 l\u2019adresse info@vibefoods.ca. Si votre retour est accept\u00e9, nous vous enverrons des instructions pour savoir comment et o\u00f9 envoyer votre colis. Les articles qui nous sont renvoy\u00e9s sans demande pr\u00e9alable de retour ne seront pas accept\u00e9s.<\/p><p>Vous pouvez, bien entendu, nous contacter pour toute question relative au retour \u00e0 l\u2019adresse info@vibefoods.ca.<\/p><p><strong>Dommages et probl\u00e8mes<\/strong><\/p><p>Veuillez inspecter votre commande d\u00e8s sa r\u00e9ception et nous contacter imm\u00e9diatement si l\u2019article est d\u00e9fectueux, endommag\u00e9 ou si vous recevez le mauvais article, afin que nous puissions \u00e9valuer le probl\u00e8me et y rem\u00e9dier.<\/p><p><strong>\u00c9changes et remboursements<\/strong><\/p><p>Nous vous informerons d\u00e8s que nous aurons re\u00e7u et inspect\u00e9 votre retour, et vous ferons savoir si un \u00e9change ou un remboursement est approuv\u00e9 ou non. En cas d\u2019approbation, vous serez automatiquement rembours\u00e9 sur votre mode de paiement d\u2019origine ou sur la nouvelle commande envoy\u00e9e. Nous nous engageons \u00e0 vous donner enti\u00e8re satisfaction !<\/p>\t\t\t\t\t\t\t\t<\/div>\n\t\t\t\t<\/div>\n\t\t\t\t\t<\/div>\n\t\t\t\t<\/div>\n\t\t\t\t<\/div>\n\t\t","protected":false},"excerpt":{"rendered":"<p>Politique de remboursement ou d&rsquo;\u00e9change Nous avons une politique de retour de 10 jours, ce qui signifie que vous avez 10 jours apr\u00e8s la r\u00e9ception de votre article pour demander un retour. Pour pouvoir \u00eatre retourn\u00e9, votre article doit \u00eatre dans le m\u00eame \u00e9tat que celui dans lequel vous l\u2019avez re\u00e7u, non utilis\u00e9 et dans [&hellip;]<\/p>\n","protected":false},"author":9196,"featured_media":0,"parent":0,"menu_order":0,"comment_status":"closed","ping_status":"closed","template":"","meta":{"footnotes":""},"class_list":["post-4320","page","type-page","status-publish","hentry"],"yoast_head":"<!-- This site is optimized with the Yoast SEO plugin v26.7 - https:\/\/yoast.com\/wordpress\/plugins\/seo\/ -->\n<title>Politique de remboursement et d\u2019\u00e9change | Vibe Foods<\/title>\n<meta name=\"description\" content=\"D\u00e9couvrez notre politique de remboursement et d\u2019\u00e9change : conditions, d\u00e9lais et modalit\u00e9s pour vos commandes de collations v\u00e9g\u00e9tales.\" \/>\n<meta name=\"robots\" content=\"index, follow, max-snippet:-1, max-image-preview:large, max-video-preview:-1\" \/>\n<link rel=\"canonical\" href=\"https:\/\/vibefoods.ca\/fr\/politique-de-remboursement-ou-dechange\/\" \/>\n<meta property=\"og:locale\" content=\"fr_FR\" \/>\n<meta property=\"og:type\" content=\"article\" \/>\n<meta property=\"og:title\" content=\"Politique de remboursement et d\u2019\u00e9change | Vibe Foods\" \/>\n<meta property=\"og:description\" content=\"D\u00e9couvrez notre politique de remboursement et d\u2019\u00e9change : conditions, d\u00e9lais et modalit\u00e9s pour vos commandes de collations v\u00e9g\u00e9tales artisanales Vibe Foods.\" \/>\n<meta property=\"og:url\" content=\"https:\/\/vibefoods.ca\/fr\/politique-de-remboursement-ou-dechange\/\" \/>\n<meta property=\"og:site_name\" content=\"Vibe Foods Snacks\" \/>\n<meta property=\"article:publisher\" content=\"https:\/\/www.facebook.com\/Vibesupersnacks\" \/>\n<meta property=\"article:modified_time\" content=\"2025-08-11T19:01:48+00:00\" \/>\n<meta property=\"og:image\" content=\"https:\/\/vibefoods.ca\/wp-content\/uploads\/2024\/10\/kalelogojalapeno-694x1024.png\" \/>\n\t<meta property=\"og:image:width\" content=\"694\" \/>\n\t<meta property=\"og:image:height\" content=\"1024\" \/>\n\t<meta property=\"og:image:type\" content=\"image\/png\" \/>\n<script type=\"application\/ld+json\" class=\"yoast-schema-graph\">{\"@context\":\"https:\/\/schema.org\",\"@graph\":[{\"@type\":\"WebPage\",\"@id\":\"https:\/\/vibefoods.ca\/fr\/politique-de-remboursement-ou-dechange\/\",\"url\":\"https:\/\/vibefoods.ca\/fr\/politique-de-remboursement-ou-dechange\/\",\"name\":\"Politique de remboursement et d\u2019\u00e9change | Vibe Foods\",\"isPartOf\":{\"@id\":\"https:\/\/vibefoods.ca\/#website\"},\"datePublished\":\"2024-04-02T13:07:38+00:00\",\"dateModified\":\"2025-08-11T19:01:48+00:00\",\"description\":\"D\u00e9couvrez notre politique de remboursement et d\u2019\u00e9change : conditions, d\u00e9lais et modalit\u00e9s pour vos commandes de collations v\u00e9g\u00e9tales.\",\"breadcrumb\":{\"@id\":\"https:\/\/vibefoods.ca\/fr\/politique-de-remboursement-ou-dechange\/#breadcrumb\"},\"inLanguage\":\"fr-FR\",\"potentialAction\":[{\"@type\":\"ReadAction\",\"target\":[\"https:\/\/vibefoods.ca\/fr\/politique-de-remboursement-ou-dechange\/\"]}]},{\"@type\":\"BreadcrumbList\",\"@id\":\"https:\/\/vibefoods.ca\/fr\/politique-de-remboursement-ou-dechange\/#breadcrumb\",\"itemListElement\":[{\"@type\":\"ListItem\",\"position\":1,\"name\":\"Home\",\"item\":\"https:\/\/vibefoods.ca\/fr\/\"},{\"@type\":\"ListItem\",\"position\":2,\"name\":\"Politique de remboursement ou d&#8217;\u00e9change\"}]},{\"@type\":\"WebSite\",\"@id\":\"https:\/\/vibefoods.ca\/#website\",\"url\":\"https:\/\/vibefoods.ca\/\",\"name\":\"Vibe Foods\",\"description\":\"Your ultimate healthy snack\",\"publisher\":{\"@id\":\"https:\/\/vibefoods.ca\/#organization\"},\"alternateName\":\"Aliments Vibe Foods\",\"potentialAction\":[{\"@type\":\"SearchAction\",\"target\":{\"@type\":\"EntryPoint\",\"urlTemplate\":\"https:\/\/vibefoods.ca\/?s={search_term_string}\"},\"query-input\":{\"@type\":\"PropertyValueSpecification\",\"valueRequired\":true,\"valueName\":\"search_term_string\"}}],\"inLanguage\":\"fr-FR\"},{\"@type\":\"Organization\",\"@id\":\"https:\/\/vibefoods.ca\/#organization\",\"name\":\"Vibe Foods Snacks\",\"alternateName\":\"Aliments Vibe Foods\",\"url\":\"https:\/\/vibefoods.ca\/\",\"logo\":{\"@type\":\"ImageObject\",\"inLanguage\":\"fr-FR\",\"@id\":\"https:\/\/vibefoods.ca\/#\/schema\/logo\/image\/\",\"url\":\"https:\/\/vibefoods.ca\/wp-content\/uploads\/2026\/02\/Logo_Vibe_Renverser1-basse-resolution.jpg\",\"contentUrl\":\"https:\/\/vibefoods.ca\/wp-content\/uploads\/2026\/02\/Logo_Vibe_Renverser1-basse-resolution.jpg\",\"width\":768,\"height\":768,\"caption\":\"Vibe Foods Snacks\"},\"image\":{\"@id\":\"https:\/\/vibefoods.ca\/#\/schema\/logo\/image\/\"},\"sameAs\":[\"https:\/\/www.facebook.com\/Vibesupersnacks\",\"https:\/\/www.tiktok.com\/@vibesupersnacks\",\"https:\/\/www.instagram.com\/vibesupersnacks\"]}]}<\/script>\n<!-- \/ Yoast SEO plugin. -->","yoast_head_json":{"title":"Politique de remboursement et d\u2019\u00e9change | Vibe Foods","description":"D\u00e9couvrez notre politique de remboursement et d\u2019\u00e9change : conditions, d\u00e9lais et modalit\u00e9s pour vos commandes de collations v\u00e9g\u00e9tales.","robots":{"index":"index","follow":"follow","max-snippet":"max-snippet:-1","max-image-preview":"max-image-preview:large","max-video-preview":"max-video-preview:-1"},"canonical":"https:\/\/vibefoods.ca\/fr\/politique-de-remboursement-ou-dechange\/","og_locale":"fr_FR","og_type":"article","og_title":"Politique de remboursement et d\u2019\u00e9change | Vibe Foods","og_description":"D\u00e9couvrez notre politique de remboursement et d\u2019\u00e9change : conditions, d\u00e9lais et modalit\u00e9s pour vos commandes de collations v\u00e9g\u00e9tales artisanales Vibe Foods.","og_url":"https:\/\/vibefoods.ca\/fr\/politique-de-remboursement-ou-dechange\/","og_site_name":"Vibe Foods Snacks","article_publisher":"https:\/\/www.facebook.com\/Vibesupersnacks","article_modified_time":"2025-08-11T19:01:48+00:00","og_image":[{"width":694,"height":1024,"url":"https:\/\/vibefoods.ca\/wp-content\/uploads\/2024\/10\/kalelogojalapeno-694x1024.png","type":"image\/png"}],"schema":{"@context":"https:\/\/schema.org","@graph":[{"@type":"WebPage","@id":"https:\/\/vibefoods.ca\/fr\/politique-de-remboursement-ou-dechange\/","url":"https:\/\/vibefoods.ca\/fr\/politique-de-remboursement-ou-dechange\/","name":"Politique de remboursement et d\u2019\u00e9change | Vibe Foods","isPartOf":{"@id":"https:\/\/vibefoods.ca\/#website"},"datePublished":"2024-04-02T13:07:38+00:00","dateModified":"2025-08-11T19:01:48+00:00","description":"D\u00e9couvrez notre politique de remboursement et d\u2019\u00e9change : conditions, d\u00e9lais et modalit\u00e9s pour vos commandes de collations v\u00e9g\u00e9tales.","breadcrumb":{"@id":"https:\/\/vibefoods.ca\/fr\/politique-de-remboursement-ou-dechange\/#breadcrumb"},"inLanguage":"fr-FR","potentialAction":[{"@type":"ReadAction","target":["https:\/\/vibefoods.ca\/fr\/politique-de-remboursement-ou-dechange\/"]}]},{"@type":"BreadcrumbList","@id":"https:\/\/vibefoods.ca\/fr\/politique-de-remboursement-ou-dechange\/#breadcrumb","itemListElement":[{"@type":"ListItem","position":1,"name":"Home","item":"https:\/\/vibefoods.ca\/fr\/"},{"@type":"ListItem","position":2,"name":"Politique de remboursement ou d&#8217;\u00e9change"}]},{"@type":"WebSite","@id":"https:\/\/vibefoods.ca\/#website","url":"https:\/\/vibefoods.ca\/","name":"Vibe Foods","description":"Your ultimate healthy snack","publisher":{"@id":"https:\/\/vibefoods.ca\/#organization"},"alternateName":"Aliments Vibe Foods","potentialAction":[{"@type":"SearchAction","target":{"@type":"EntryPoint","urlTemplate":"https:\/\/vibefoods.ca\/?s={search_term_string}"},"query-input":{"@type":"PropertyValueSpecification","valueRequired":true,"valueName":"search_term_string"}}],"inLanguage":"fr-FR"},{"@type":"Organization","@id":"https:\/\/vibefoods.ca\/#organization","name":"Vibe Foods Snacks","alternateName":"Aliments Vibe Foods","url":"https:\/\/vibefoods.ca\/","logo":{"@type":"ImageObject","inLanguage":"fr-FR","@id":"https:\/\/vibefoods.ca\/#\/schema\/logo\/image\/","url":"https:\/\/vibefoods.ca\/wp-content\/uploads\/2026\/02\/Logo_Vibe_Renverser1-basse-resolution.jpg","contentUrl":"https:\/\/vibefoods.ca\/wp-content\/uploads\/2026\/02\/Logo_Vibe_Renverser1-basse-resolution.jpg","width":768,"height":768,"caption":"Vibe Foods Snacks"},"image":{"@id":"https:\/\/vibefoods.ca\/#\/schema\/logo\/image\/"},"sameAs":["https:\/\/www.facebook.com\/Vibesupersnacks","https:\/\/www.tiktok.com\/@vibesupersnacks","https:\/\/www.instagram.com\/vibesupersnacks"]}]}},"_links":{"self":[{"href":"https:\/\/vibefoods.ca\/fr\/wp-json\/wp\/v2\/pages\/4320","targetHints":{"allow":["GET"]}}],"collection":[{"href":"https:\/\/vibefoods.ca\/fr\/wp-json\/wp\/v2\/pages"}],"about":[{"href":"https:\/\/vibefoods.ca\/fr\/wp-json\/wp\/v2\/types\/page"}],"author":[{"embeddable":true,"href":"https:\/\/vibefoods.ca\/fr\/wp-json\/wp\/v2\/users\/9196"}],"replies":[{"embeddable":true,"href":"https:\/\/vibefoods.ca\/fr\/wp-json\/wp\/v2\/comments?post=4320"}],"version-history":[{"count":5,"href":"https:\/\/vibefoods.ca\/fr\/wp-json\/wp\/v2\/pages\/4320\/revisions"}],"predecessor-version":[{"id":4325,"href":"https:\/\/vibefoods.ca\/fr\/wp-json\/wp\/v2\/pages\/4320\/revisions\/4325"}],"wp:attachment":[{"href":"https:\/\/vibefoods.ca\/fr\/wp-json\/wp\/v2\/media?parent=4320"}],"curies":[{"name":"wp","href":"https:\/\/api.w.org\/{rel}","templated":true}]}}