{"id":4334,"date":"2024-04-02T13:13:50","date_gmt":"2024-04-02T13:13:50","guid":{"rendered":"https:\/\/vibe.serviceswebmarketing.ca\/shipping-policy\/"},"modified":"2025-08-11T18:57:58","modified_gmt":"2025-08-11T18:57:58","slug":"politique-dexpedition","status":"publish","type":"page","link":"https:\/\/vibefoods.ca\/fr\/politique-dexpedition\/","title":{"rendered":"Politique d&rsquo;exp\u00e9dition"},"content":{"rendered":"\t\t<div data-elementor-type=\"wp-page\" data-elementor-id=\"4334\" class=\"elementor elementor-4334 elementor-4326\" data-elementor-post-type=\"page\">\n\t\t\t\t<div class=\"elementor-element elementor-element-1180f345 e-con-full e-flex e-con e-parent\" data-id=\"1180f345\" data-element_type=\"container\">\n\t\t<div class=\"elementor-element elementor-element-a16bc02 e-con-full e-flex e-con e-child\" data-id=\"a16bc02\" data-element_type=\"container\" data-settings=\"{&quot;background_background&quot;:&quot;classic&quot;}\">\n\t\t<div class=\"elementor-element elementor-element-41a5d97 e-con-full e-flex e-con e-child\" data-id=\"41a5d97\" data-element_type=\"container\" data-settings=\"{&quot;background_background&quot;:&quot;classic&quot;}\">\n\t\t\t\t<div class=\"elementor-element elementor-element-c5b6ed1 elementor-widget elementor-widget-heading\" data-id=\"c5b6ed1\" data-element_type=\"widget\" data-widget_type=\"heading.default\">\n\t\t\t\t<div class=\"elementor-widget-container\">\n\t\t\t\t\t<h2 class=\"elementor-heading-title elementor-size-default\">Shipping Policy<\/h2>\t\t\t\t<\/div>\n\t\t\t\t<\/div>\n\t\t\t\t<\/div>\n\t\t\t\t<\/div>\n\t\t\t\t<\/div>\n\t\t<div class=\"elementor-element elementor-element-c94b53f e-flex e-con-boxed e-con e-parent\" data-id=\"c94b53f\" data-element_type=\"container\">\n\t\t\t\t\t<div class=\"e-con-inner\">\n\t\t<div class=\"elementor-element elementor-element-a0144ff e-con-full e-flex e-con e-child\" data-id=\"a0144ff\" data-element_type=\"container\">\n\t\t\t\t<\/div>\n\t\t\t\t\t<\/div>\n\t\t\t\t<\/div>\n\t\t<div class=\"elementor-element elementor-element-168a2e7 e-flex e-con-boxed e-con e-parent\" data-id=\"168a2e7\" data-element_type=\"container\">\n\t\t\t\t\t<div class=\"e-con-inner\">\n\t\t\t\t<div class=\"elementor-element elementor-element-167ddc4 elementor-widget elementor-widget-text-editor\" data-id=\"167ddc4\" data-element_type=\"widget\" data-widget_type=\"text-editor.default\">\n\t\t\t\t<div class=\"elementor-widget-container\">\n\t\t\t\t\t\t\t\t\t<p>Nous livrons actuellement partout au Canada<\/p><p>Le d\u00e9lai d\u2019exp\u00e9dition de votre commande est de 1 \u00e0 3 jours ouvrables. Celui-ci correspond au d\u00e9lai de traitement de votre commande et ne comprend pas le d\u00e9lai d\u2019acheminement du transporteur. Celle-ci s\u2019affiche en fonction du mode de livraison choisi.<\/p><p>Aliments Vibe s\u2019efforce de garder des articles en stock \u00e0 tout moment, cependant, en raison de la demande croissante des clients pour nos produits de haute qualit\u00e9, notre inventaire s\u2019\u00e9puise tr\u00e8s rapidement. Nous visons un d\u00e9lai rapide de 1 \u00e0 2 semaines pour le r\u00e9approvisionnement de ces articles.<\/p><p>Tous nos produits sont fabriqu\u00e9s de fa\u00e7on artisanal en petites quantit\u00e9s et garantiront que chaque d\u00e9tail est conforme aux normes de sant\u00e9 et \u00e0 l\u2019engagement de fournir \u00e0 nos clients un produit vraiment unique. Nous ne ferons aucun compromis sur la qualit\u00e9 et pour cette raison, nous vous demandons votre patience et votre compr\u00e9hension.<\/p><p>Pour toute information ou question concernant nos produits ou tout produit actuellement en rupture de stock, veuillez nous \u00e9crire \u00e0 info@vibefoods.ca<\/p>\t\t\t\t\t\t\t\t<\/div>\n\t\t\t\t<\/div>\n\t\t\t\t\t<\/div>\n\t\t\t\t<\/div>\n\t\t\t\t<\/div>\n\t\t","protected":false},"excerpt":{"rendered":"<p>Shipping Policy Nous livrons actuellement partout au Canada Le d\u00e9lai d\u2019exp\u00e9dition de votre commande est de 1 \u00e0 3 jours ouvrables. Celui-ci correspond au d\u00e9lai de traitement de votre commande et ne comprend pas le d\u00e9lai d\u2019acheminement du transporteur. Celle-ci s\u2019affiche en fonction du mode de livraison choisi. Aliments Vibe s\u2019efforce de garder des articles [&hellip;]<\/p>\n","protected":false},"author":9196,"featured_media":0,"parent":0,"menu_order":0,"comment_status":"closed","ping_status":"closed","template":"","meta":{"footnotes":""},"class_list":["post-4334","page","type-page","status-publish","hentry"],"yoast_head":"<!-- This site is optimized with the Yoast SEO plugin v26.7 - https:\/\/yoast.com\/wordpress\/plugins\/seo\/ -->\n<title>Politique d\u2019exp\u00e9dition | Boutique en ligne Vibe Foods<\/title>\n<meta name=\"description\" content=\"Consultez la politique d\u2019exp\u00e9dition de Vibe Foods : d\u00e9lais, frais et modalit\u00e9s pour recevoir nos collations v\u00e9g\u00e9tales artisanales.\" \/>\n<meta name=\"robots\" content=\"index, follow, max-snippet:-1, max-image-preview:large, max-video-preview:-1\" \/>\n<link rel=\"canonical\" href=\"https:\/\/vibefoods.ca\/fr\/politique-dexpedition\/\" \/>\n<meta property=\"og:locale\" content=\"fr_FR\" \/>\n<meta property=\"og:type\" content=\"article\" \/>\n<meta property=\"og:title\" content=\"Politique d\u2019exp\u00e9dition | Boutique en ligne Vibe Foods\" \/>\n<meta property=\"og:description\" content=\"Consultez la politique d\u2019exp\u00e9dition de Vibe Foods : d\u00e9lais, frais et modalit\u00e9s pour recevoir nos collations v\u00e9g\u00e9tales artisanales partout au Canada.\" \/>\n<meta property=\"og:url\" content=\"https:\/\/vibefoods.ca\/fr\/politique-dexpedition\/\" \/>\n<meta property=\"og:site_name\" content=\"Vibe Foods Snacks\" \/>\n<meta property=\"article:publisher\" content=\"https:\/\/www.facebook.com\/Vibesupersnacks\" \/>\n<meta property=\"article:modified_time\" content=\"2025-08-11T18:57:58+00:00\" \/>\n<meta property=\"og:image\" content=\"https:\/\/vibefoods.ca\/wp-content\/uploads\/2024\/10\/kalelogojalapeno-694x1024.png\" \/>\n\t<meta property=\"og:image:width\" content=\"694\" \/>\n\t<meta property=\"og:image:height\" content=\"1024\" \/>\n\t<meta property=\"og:image:type\" content=\"image\/png\" \/>\n<script type=\"application\/ld+json\" class=\"yoast-schema-graph\">{\"@context\":\"https:\/\/schema.org\",\"@graph\":[{\"@type\":\"WebPage\",\"@id\":\"https:\/\/vibefoods.ca\/fr\/politique-dexpedition\/\",\"url\":\"https:\/\/vibefoods.ca\/fr\/politique-dexpedition\/\",\"name\":\"Politique d\u2019exp\u00e9dition | Boutique en ligne Vibe Foods\",\"isPartOf\":{\"@id\":\"https:\/\/vibefoods.ca\/#website\"},\"datePublished\":\"2024-04-02T13:13:50+00:00\",\"dateModified\":\"2025-08-11T18:57:58+00:00\",\"description\":\"Consultez la politique d\u2019exp\u00e9dition de Vibe Foods : d\u00e9lais, frais et modalit\u00e9s pour recevoir nos collations v\u00e9g\u00e9tales artisanales.\",\"breadcrumb\":{\"@id\":\"https:\/\/vibefoods.ca\/fr\/politique-dexpedition\/#breadcrumb\"},\"inLanguage\":\"fr-FR\",\"potentialAction\":[{\"@type\":\"ReadAction\",\"target\":[\"https:\/\/vibefoods.ca\/fr\/politique-dexpedition\/\"]}]},{\"@type\":\"BreadcrumbList\",\"@id\":\"https:\/\/vibefoods.ca\/fr\/politique-dexpedition\/#breadcrumb\",\"itemListElement\":[{\"@type\":\"ListItem\",\"position\":1,\"name\":\"Home\",\"item\":\"https:\/\/vibefoods.ca\/fr\/\"},{\"@type\":\"ListItem\",\"position\":2,\"name\":\"Politique d&#8217;exp\u00e9dition\"}]},{\"@type\":\"WebSite\",\"@id\":\"https:\/\/vibefoods.ca\/#website\",\"url\":\"https:\/\/vibefoods.ca\/\",\"name\":\"Vibe Foods\",\"description\":\"Your ultimate healthy snack\",\"publisher\":{\"@id\":\"https:\/\/vibefoods.ca\/#organization\"},\"alternateName\":\"Aliments Vibe Foods\",\"potentialAction\":[{\"@type\":\"SearchAction\",\"target\":{\"@type\":\"EntryPoint\",\"urlTemplate\":\"https:\/\/vibefoods.ca\/?s={search_term_string}\"},\"query-input\":{\"@type\":\"PropertyValueSpecification\",\"valueRequired\":true,\"valueName\":\"search_term_string\"}}],\"inLanguage\":\"fr-FR\"},{\"@type\":\"Organization\",\"@id\":\"https:\/\/vibefoods.ca\/#organization\",\"name\":\"Vibe Foods Snacks\",\"alternateName\":\"Aliments Vibe Foods\",\"url\":\"https:\/\/vibefoods.ca\/\",\"logo\":{\"@type\":\"ImageObject\",\"inLanguage\":\"fr-FR\",\"@id\":\"https:\/\/vibefoods.ca\/#\/schema\/logo\/image\/\",\"url\":\"https:\/\/vibefoods.ca\/wp-content\/uploads\/2026\/02\/Logo_Vibe_Renverser1-basse-resolution.jpg\",\"contentUrl\":\"https:\/\/vibefoods.ca\/wp-content\/uploads\/2026\/02\/Logo_Vibe_Renverser1-basse-resolution.jpg\",\"width\":768,\"height\":768,\"caption\":\"Vibe Foods Snacks\"},\"image\":{\"@id\":\"https:\/\/vibefoods.ca\/#\/schema\/logo\/image\/\"},\"sameAs\":[\"https:\/\/www.facebook.com\/Vibesupersnacks\",\"https:\/\/www.tiktok.com\/@vibesupersnacks\",\"https:\/\/www.instagram.com\/vibesupersnacks\"]}]}<\/script>\n<!-- \/ Yoast SEO plugin. -->","yoast_head_json":{"title":"Politique d\u2019exp\u00e9dition | Boutique en ligne Vibe Foods","description":"Consultez la politique d\u2019exp\u00e9dition de Vibe Foods : d\u00e9lais, frais et modalit\u00e9s pour recevoir nos collations v\u00e9g\u00e9tales artisanales.","robots":{"index":"index","follow":"follow","max-snippet":"max-snippet:-1","max-image-preview":"max-image-preview:large","max-video-preview":"max-video-preview:-1"},"canonical":"https:\/\/vibefoods.ca\/fr\/politique-dexpedition\/","og_locale":"fr_FR","og_type":"article","og_title":"Politique d\u2019exp\u00e9dition | Boutique en ligne Vibe Foods","og_description":"Consultez la politique d\u2019exp\u00e9dition de Vibe Foods : d\u00e9lais, frais et modalit\u00e9s pour recevoir nos collations v\u00e9g\u00e9tales artisanales partout au Canada.","og_url":"https:\/\/vibefoods.ca\/fr\/politique-dexpedition\/","og_site_name":"Vibe Foods Snacks","article_publisher":"https:\/\/www.facebook.com\/Vibesupersnacks","article_modified_time":"2025-08-11T18:57:58+00:00","og_image":[{"width":694,"height":1024,"url":"https:\/\/vibefoods.ca\/wp-content\/uploads\/2024\/10\/kalelogojalapeno-694x1024.png","type":"image\/png"}],"schema":{"@context":"https:\/\/schema.org","@graph":[{"@type":"WebPage","@id":"https:\/\/vibefoods.ca\/fr\/politique-dexpedition\/","url":"https:\/\/vibefoods.ca\/fr\/politique-dexpedition\/","name":"Politique d\u2019exp\u00e9dition | Boutique en ligne Vibe Foods","isPartOf":{"@id":"https:\/\/vibefoods.ca\/#website"},"datePublished":"2024-04-02T13:13:50+00:00","dateModified":"2025-08-11T18:57:58+00:00","description":"Consultez la politique d\u2019exp\u00e9dition de Vibe Foods : d\u00e9lais, frais et modalit\u00e9s pour recevoir nos collations v\u00e9g\u00e9tales artisanales.","breadcrumb":{"@id":"https:\/\/vibefoods.ca\/fr\/politique-dexpedition\/#breadcrumb"},"inLanguage":"fr-FR","potentialAction":[{"@type":"ReadAction","target":["https:\/\/vibefoods.ca\/fr\/politique-dexpedition\/"]}]},{"@type":"BreadcrumbList","@id":"https:\/\/vibefoods.ca\/fr\/politique-dexpedition\/#breadcrumb","itemListElement":[{"@type":"ListItem","position":1,"name":"Home","item":"https:\/\/vibefoods.ca\/fr\/"},{"@type":"ListItem","position":2,"name":"Politique d&#8217;exp\u00e9dition"}]},{"@type":"WebSite","@id":"https:\/\/vibefoods.ca\/#website","url":"https:\/\/vibefoods.ca\/","name":"Vibe Foods","description":"Your ultimate healthy snack","publisher":{"@id":"https:\/\/vibefoods.ca\/#organization"},"alternateName":"Aliments Vibe Foods","potentialAction":[{"@type":"SearchAction","target":{"@type":"EntryPoint","urlTemplate":"https:\/\/vibefoods.ca\/?s={search_term_string}"},"query-input":{"@type":"PropertyValueSpecification","valueRequired":true,"valueName":"search_term_string"}}],"inLanguage":"fr-FR"},{"@type":"Organization","@id":"https:\/\/vibefoods.ca\/#organization","name":"Vibe Foods Snacks","alternateName":"Aliments Vibe Foods","url":"https:\/\/vibefoods.ca\/","logo":{"@type":"ImageObject","inLanguage":"fr-FR","@id":"https:\/\/vibefoods.ca\/#\/schema\/logo\/image\/","url":"https:\/\/vibefoods.ca\/wp-content\/uploads\/2026\/02\/Logo_Vibe_Renverser1-basse-resolution.jpg","contentUrl":"https:\/\/vibefoods.ca\/wp-content\/uploads\/2026\/02\/Logo_Vibe_Renverser1-basse-resolution.jpg","width":768,"height":768,"caption":"Vibe Foods Snacks"},"image":{"@id":"https:\/\/vibefoods.ca\/#\/schema\/logo\/image\/"},"sameAs":["https:\/\/www.facebook.com\/Vibesupersnacks","https:\/\/www.tiktok.com\/@vibesupersnacks","https:\/\/www.instagram.com\/vibesupersnacks"]}]}},"_links":{"self":[{"href":"https:\/\/vibefoods.ca\/fr\/wp-json\/wp\/v2\/pages\/4334","targetHints":{"allow":["GET"]}}],"collection":[{"href":"https:\/\/vibefoods.ca\/fr\/wp-json\/wp\/v2\/pages"}],"about":[{"href":"https:\/\/vibefoods.ca\/fr\/wp-json\/wp\/v2\/types\/page"}],"author":[{"embeddable":true,"href":"https:\/\/vibefoods.ca\/fr\/wp-json\/wp\/v2\/users\/9196"}],"replies":[{"embeddable":true,"href":"https:\/\/vibefoods.ca\/fr\/wp-json\/wp\/v2\/comments?post=4334"}],"version-history":[{"count":4,"href":"https:\/\/vibefoods.ca\/fr\/wp-json\/wp\/v2\/pages\/4334\/revisions"}],"predecessor-version":[{"id":4338,"href":"https:\/\/vibefoods.ca\/fr\/wp-json\/wp\/v2\/pages\/4334\/revisions\/4338"}],"wp:attachment":[{"href":"https:\/\/vibefoods.ca\/fr\/wp-json\/wp\/v2\/media?parent=4334"}],"curies":[{"name":"wp","href":"https:\/\/api.w.org\/{rel}","templated":true}]}}