{"id":3462,"date":"2025-07-17T08:47:44","date_gmt":"2025-07-17T08:47:44","guid":{"rendered":"https:\/\/vibe.serviceswebmarketing.ca\/?post_type=product&#038;p=3462"},"modified":"2025-12-03T18:59:40","modified_gmt":"2025-12-03T18:59:40","slug":"croustilles-assorties","status":"publish","type":"product","link":"https:\/\/vibefoods.ca\/fr\/produit\/croustilles-assorties\/","title":{"rendered":"Chips de kale assorties"},"content":{"rendered":"<p>Nos croustilles de choux fris\u00e9 d\u00e9shydrat\u00e9es vont\u00a0 vous surprendre! Votre palais va en demander davantage tant que c\u2019est bon. Et pas de soucis, nos chips\u00a0 de kale sont toujours fait avec des l\u00e9gumes frais et\u2026 avec amour&#8230; Mangez-en autant que vous le d\u00e9sirez et ajouter-en dans vos salades!<\/p>\n<div>\n<div>\n<div><img decoding=\"async\" class=\"alignnone wp-image-2395\" src=\"https:\/\/vibefoods.ca\/wp-content\/uploads\/2024\/04\/check-moka-1.png\" alt=\"\" width=\"19\" height=\"18\" \/> Livraison gratuite \u00e0 partir de 70$ et +.<\/div>\n<\/div>\n<div>\n<div><img decoding=\"async\" class=\"alignnone wp-image-2395\" src=\"https:\/\/vibefoods.ca\/wp-content\/uploads\/2024\/04\/check-moka-1.png\" alt=\"\" width=\"19\" height=\"18\" \/> 100% satisfaction garantie.<\/div>\n<\/div>\n<div><img decoding=\"async\" class=\"alignnone wp-image-2395\" src=\"https:\/\/vibefoods.ca\/wp-content\/uploads\/2024\/04\/check-moka-1.png\" alt=\"\" width=\"19\" height=\"18\" \/> Nous pouvons livrer directement votre commande \u00e0 l\u2019adresse de votre choix, simplement s\u2019assurer que l\u2019adresse d\u2019exp\u00e9dition est celle du r\u00e9cipiendaire.<\/div>\n<div><img decoding=\"async\" class=\"alignnone wp-image-2395\" src=\"https:\/\/vibefoods.ca\/wp-content\/uploads\/2024\/04\/check-moka-1.png\" alt=\"\" width=\"19\" height=\"18\" \/>\u00a0<a href=\"https:\/\/vibefoods.ca\/politique-de-remboursement-ou-dechange\/\">Politique de remboursement<\/a> &amp; <a href=\"https:\/\/vibefoods.ca\/politique-dexpedition\/\">Politique d&rsquo;exp\u00e9dition<\/a>!<\/div>\n<\/div>\n<div><\/div>\n<div><a href=\"https:\/\/www.amazon.ca\/stores\/VibeFoods\/page\/95A04012-274C-46A8-B483-D5751CDE7546?language=fr_CA\" target=\"_blank\" rel=\"noopener\"><img decoding=\"async\" class=\"alignnone size-medium wp-image-5159\" src=\"https:\/\/vibefoods.ca\/wp-content\/uploads\/2025\/07\/1-300x150.png\" alt=\"amazon_link_vibefood_FR\" width=\"300\" height=\"150\" srcset=\"https:\/\/vibefoods.ca\/wp-content\/uploads\/2025\/07\/1-300x150.png 300w, https:\/\/vibefoods.ca\/wp-content\/uploads\/2025\/07\/1.png 500w\" sizes=\"(max-width: 300px) 100vw, 300px\" \/><\/a><\/div>\n","protected":false},"excerpt":{"rendered":"<p>Nos croustilles de choux fris\u00e9 d\u00e9shydrat\u00e9es vont\u00a0 vous surprendre! Votre palais va en demander davantage tant que c\u2019est bon. Et pas de soucis, nos chips\u00a0 de kale sont toujours fait avec des l\u00e9gumes frais et\u2026 avec amour&#8230; Mangez-en autant que vous le d\u00e9sirez et ajouter-en dans vos salades! Livraison gratuite \u00e0 partir de 70$ et [&hellip;]<\/p>\n","protected":false},"featured_media":4882,"template":"","meta":[],"product_brand":[],"product_cat":[63,43],"product_tag":[],"class_list":{"0":"post-3462","1":"product","2":"type-product","3":"status-publish","4":"has-post-thumbnail","6":"product_cat-chips-de-chou-frise","7":"product_cat-croustilles-de-kale-assorties","9":"first","10":"instock","11":"featured","12":"taxable","13":"shipping-taxable","14":"purchasable","15":"product-type-variable"},"yoast_head":"<!-- This site is optimized with the Yoast SEO plugin v26.7 - https:\/\/yoast.com\/wordpress\/plugins\/seo\/ -->\n<title>Croustilles assorties | Collations artisanales | Vibe Foods<\/title>\n<meta name=\"description\" content=\"D\u00e9couvrez notre assortiment de croustilles v\u00e9g\u00e9tales : collations artisanales croquantes, keto, sans gluten, sans OGM, fabriqu\u00e9es au Qu\u00e9bec.\" \/>\n<meta name=\"robots\" content=\"index, follow, max-snippet:-1, max-image-preview:large, max-video-preview:-1\" \/>\n<link rel=\"canonical\" href=\"https:\/\/vibefoods.ca\/fr\/produit\/croustilles-assorties\/\" \/>\n<meta property=\"og:locale\" content=\"fr_FR\" \/>\n<meta property=\"og:type\" content=\"article\" \/>\n<meta property=\"og:title\" content=\"Croustilles assorties | Collations artisanales | Vibe Foods\" \/>\n<meta property=\"og:description\" content=\"D\u00e9couvrez notre assortiment de croustilles v\u00e9g\u00e9tales : collations artisanales croquantes, keto, sans gluten, sans OGM, fabriqu\u00e9es au Qu\u00e9bec.\" \/>\n<meta property=\"og:url\" content=\"https:\/\/vibefoods.ca\/fr\/produit\/croustilles-assorties\/\" \/>\n<meta property=\"og:site_name\" content=\"Vibe Foods Snacks\" \/>\n<meta property=\"article:publisher\" content=\"https:\/\/www.facebook.com\/Vibesupersnacks\" \/>\n<meta property=\"article:modified_time\" content=\"2025-12-03T18:59:40+00:00\" \/>\n<meta property=\"og:image\" content=\"https:\/\/vibefoods.ca\/wp-content\/uploads\/2024\/03\/Croustilles-assorties-Collations-artisanales-Vibe-Foods.jpg\" \/>\n\t<meta property=\"og:image:width\" content=\"1070\" \/>\n\t<meta property=\"og:image:height\" content=\"954\" \/>\n\t<meta property=\"og:image:type\" content=\"image\/jpeg\" \/>\n<script type=\"application\/ld+json\" class=\"yoast-schema-graph\">{\"@context\":\"https:\/\/schema.org\",\"@graph\":[{\"@type\":\"WebPage\",\"@id\":\"https:\/\/vibefoods.ca\/fr\/produit\/croustilles-assorties\/\",\"url\":\"https:\/\/vibefoods.ca\/fr\/produit\/croustilles-assorties\/\",\"name\":\"Croustilles assorties | Collations artisanales | Vibe Foods\",\"isPartOf\":{\"@id\":\"https:\/\/vibefoods.ca\/#website\"},\"primaryImageOfPage\":{\"@id\":\"https:\/\/vibefoods.ca\/fr\/produit\/croustilles-assorties\/#primaryimage\"},\"image\":{\"@id\":\"https:\/\/vibefoods.ca\/fr\/produit\/croustilles-assorties\/#primaryimage\"},\"thumbnailUrl\":\"https:\/\/vibefoods.ca\/wp-content\/uploads\/2025\/07\/Chips-de-kale-assorties-\u2013-magasin-\u2013-boutique-\u2013-Vibe-Foods.png\",\"datePublished\":\"2025-07-17T08:47:44+00:00\",\"dateModified\":\"2025-12-03T18:59:40+00:00\",\"description\":\"D\u00e9couvrez notre assortiment de croustilles v\u00e9g\u00e9tales : collations artisanales croquantes, keto, sans gluten, sans OGM, fabriqu\u00e9es au Qu\u00e9bec.\",\"breadcrumb\":{\"@id\":\"https:\/\/vibefoods.ca\/fr\/produit\/croustilles-assorties\/#breadcrumb\"},\"inLanguage\":\"fr-FR\",\"potentialAction\":[{\"@type\":\"ReadAction\",\"target\":[\"https:\/\/vibefoods.ca\/fr\/produit\/croustilles-assorties\/\"]}]},{\"@type\":\"ImageObject\",\"inLanguage\":\"fr-FR\",\"@id\":\"https:\/\/vibefoods.ca\/fr\/produit\/croustilles-assorties\/#primaryimage\",\"url\":\"https:\/\/vibefoods.ca\/wp-content\/uploads\/2025\/07\/Chips-de-kale-assorties-\u2013-magasin-\u2013-boutique-\u2013-Vibe-Foods.png\",\"contentUrl\":\"https:\/\/vibefoods.ca\/wp-content\/uploads\/2025\/07\/Chips-de-kale-assorties-\u2013-magasin-\u2013-boutique-\u2013-Vibe-Foods.png\",\"width\":2560,\"height\":2560,\"caption\":\"Chips de kale assorties \u2013 magasin \u2013 boutique \u2013 Vibe Foods\"},{\"@type\":\"BreadcrumbList\",\"@id\":\"https:\/\/vibefoods.ca\/fr\/produit\/croustilles-assorties\/#breadcrumb\",\"itemListElement\":[{\"@type\":\"ListItem\",\"position\":1,\"name\":\"Home\",\"item\":\"https:\/\/vibefoods.ca\/fr\/\"},{\"@type\":\"ListItem\",\"position\":2,\"name\":\"Boutique\",\"item\":\"https:\/\/vibefoods.ca\/fr\/boutique\/\"},{\"@type\":\"ListItem\",\"position\":3,\"name\":\"Chips de kale assorties\"}]},{\"@type\":\"WebSite\",\"@id\":\"https:\/\/vibefoods.ca\/#website\",\"url\":\"https:\/\/vibefoods.ca\/\",\"name\":\"Vibe Foods\",\"description\":\"Your ultimate healthy snack\",\"publisher\":{\"@id\":\"https:\/\/vibefoods.ca\/#organization\"},\"alternateName\":\"Aliments Vibe Foods\",\"potentialAction\":[{\"@type\":\"SearchAction\",\"target\":{\"@type\":\"EntryPoint\",\"urlTemplate\":\"https:\/\/vibefoods.ca\/?s={search_term_string}\"},\"query-input\":{\"@type\":\"PropertyValueSpecification\",\"valueRequired\":true,\"valueName\":\"search_term_string\"}}],\"inLanguage\":\"fr-FR\"},{\"@type\":\"Organization\",\"@id\":\"https:\/\/vibefoods.ca\/#organization\",\"name\":\"Vibe Foods Snacks\",\"alternateName\":\"Aliments Vibe Foods\",\"url\":\"https:\/\/vibefoods.ca\/\",\"logo\":{\"@type\":\"ImageObject\",\"inLanguage\":\"fr-FR\",\"@id\":\"https:\/\/vibefoods.ca\/#\/schema\/logo\/image\/\",\"url\":\"https:\/\/vibefoods.ca\/wp-content\/uploads\/2026\/02\/Logo_Vibe_Renverser1-basse-resolution.jpg\",\"contentUrl\":\"https:\/\/vibefoods.ca\/wp-content\/uploads\/2026\/02\/Logo_Vibe_Renverser1-basse-resolution.jpg\",\"width\":768,\"height\":768,\"caption\":\"Vibe Foods Snacks\"},\"image\":{\"@id\":\"https:\/\/vibefoods.ca\/#\/schema\/logo\/image\/\"},\"sameAs\":[\"https:\/\/www.facebook.com\/Vibesupersnacks\",\"https:\/\/www.tiktok.com\/@vibesupersnacks\",\"https:\/\/www.instagram.com\/vibesupersnacks\"]}]}<\/script>\n<!-- \/ Yoast SEO plugin. -->","yoast_head_json":{"title":"Croustilles assorties | Collations artisanales | Vibe Foods","description":"D\u00e9couvrez notre assortiment de croustilles v\u00e9g\u00e9tales : collations artisanales croquantes, keto, sans gluten, sans OGM, fabriqu\u00e9es au Qu\u00e9bec.","robots":{"index":"index","follow":"follow","max-snippet":"max-snippet:-1","max-image-preview":"max-image-preview:large","max-video-preview":"max-video-preview:-1"},"canonical":"https:\/\/vibefoods.ca\/fr\/produit\/croustilles-assorties\/","og_locale":"fr_FR","og_type":"article","og_title":"Croustilles assorties | Collations artisanales | Vibe Foods","og_description":"D\u00e9couvrez notre assortiment de croustilles v\u00e9g\u00e9tales : collations artisanales croquantes, keto, sans gluten, sans OGM, fabriqu\u00e9es au Qu\u00e9bec.","og_url":"https:\/\/vibefoods.ca\/fr\/produit\/croustilles-assorties\/","og_site_name":"Vibe Foods Snacks","article_publisher":"https:\/\/www.facebook.com\/Vibesupersnacks","article_modified_time":"2025-12-03T18:59:40+00:00","og_image":[{"width":1070,"height":954,"url":"https:\/\/vibefoods.ca\/wp-content\/uploads\/2024\/03\/Croustilles-assorties-Collations-artisanales-Vibe-Foods.jpg","type":"image\/jpeg"}],"schema":{"@context":"https:\/\/schema.org","@graph":[{"@type":"WebPage","@id":"https:\/\/vibefoods.ca\/fr\/produit\/croustilles-assorties\/","url":"https:\/\/vibefoods.ca\/fr\/produit\/croustilles-assorties\/","name":"Croustilles assorties | Collations artisanales | Vibe Foods","isPartOf":{"@id":"https:\/\/vibefoods.ca\/#website"},"primaryImageOfPage":{"@id":"https:\/\/vibefoods.ca\/fr\/produit\/croustilles-assorties\/#primaryimage"},"image":{"@id":"https:\/\/vibefoods.ca\/fr\/produit\/croustilles-assorties\/#primaryimage"},"thumbnailUrl":"https:\/\/vibefoods.ca\/wp-content\/uploads\/2025\/07\/Chips-de-kale-assorties-\u2013-magasin-\u2013-boutique-\u2013-Vibe-Foods.png","datePublished":"2025-07-17T08:47:44+00:00","dateModified":"2025-12-03T18:59:40+00:00","description":"D\u00e9couvrez notre assortiment de croustilles v\u00e9g\u00e9tales : collations artisanales croquantes, keto, sans gluten, sans OGM, fabriqu\u00e9es au Qu\u00e9bec.","breadcrumb":{"@id":"https:\/\/vibefoods.ca\/fr\/produit\/croustilles-assorties\/#breadcrumb"},"inLanguage":"fr-FR","potentialAction":[{"@type":"ReadAction","target":["https:\/\/vibefoods.ca\/fr\/produit\/croustilles-assorties\/"]}]},{"@type":"ImageObject","inLanguage":"fr-FR","@id":"https:\/\/vibefoods.ca\/fr\/produit\/croustilles-assorties\/#primaryimage","url":"https:\/\/vibefoods.ca\/wp-content\/uploads\/2025\/07\/Chips-de-kale-assorties-\u2013-magasin-\u2013-boutique-\u2013-Vibe-Foods.png","contentUrl":"https:\/\/vibefoods.ca\/wp-content\/uploads\/2025\/07\/Chips-de-kale-assorties-\u2013-magasin-\u2013-boutique-\u2013-Vibe-Foods.png","width":2560,"height":2560,"caption":"Chips de kale assorties \u2013 magasin \u2013 boutique \u2013 Vibe Foods"},{"@type":"BreadcrumbList","@id":"https:\/\/vibefoods.ca\/fr\/produit\/croustilles-assorties\/#breadcrumb","itemListElement":[{"@type":"ListItem","position":1,"name":"Home","item":"https:\/\/vibefoods.ca\/fr\/"},{"@type":"ListItem","position":2,"name":"Boutique","item":"https:\/\/vibefoods.ca\/fr\/boutique\/"},{"@type":"ListItem","position":3,"name":"Chips de kale assorties"}]},{"@type":"WebSite","@id":"https:\/\/vibefoods.ca\/#website","url":"https:\/\/vibefoods.ca\/","name":"Vibe Foods","description":"Your ultimate healthy snack","publisher":{"@id":"https:\/\/vibefoods.ca\/#organization"},"alternateName":"Aliments Vibe Foods","potentialAction":[{"@type":"SearchAction","target":{"@type":"EntryPoint","urlTemplate":"https:\/\/vibefoods.ca\/?s={search_term_string}"},"query-input":{"@type":"PropertyValueSpecification","valueRequired":true,"valueName":"search_term_string"}}],"inLanguage":"fr-FR"},{"@type":"Organization","@id":"https:\/\/vibefoods.ca\/#organization","name":"Vibe Foods Snacks","alternateName":"Aliments Vibe Foods","url":"https:\/\/vibefoods.ca\/","logo":{"@type":"ImageObject","inLanguage":"fr-FR","@id":"https:\/\/vibefoods.ca\/#\/schema\/logo\/image\/","url":"https:\/\/vibefoods.ca\/wp-content\/uploads\/2026\/02\/Logo_Vibe_Renverser1-basse-resolution.jpg","contentUrl":"https:\/\/vibefoods.ca\/wp-content\/uploads\/2026\/02\/Logo_Vibe_Renverser1-basse-resolution.jpg","width":768,"height":768,"caption":"Vibe Foods Snacks"},"image":{"@id":"https:\/\/vibefoods.ca\/#\/schema\/logo\/image\/"},"sameAs":["https:\/\/www.facebook.com\/Vibesupersnacks","https:\/\/www.tiktok.com\/@vibesupersnacks","https:\/\/www.instagram.com\/vibesupersnacks"]}]}},"_links":{"self":[{"href":"https:\/\/vibefoods.ca\/fr\/wp-json\/wp\/v2\/product\/3462","targetHints":{"allow":["GET"]}}],"collection":[{"href":"https:\/\/vibefoods.ca\/fr\/wp-json\/wp\/v2\/product"}],"about":[{"href":"https:\/\/vibefoods.ca\/fr\/wp-json\/wp\/v2\/types\/product"}],"version-history":[{"count":3,"href":"https:\/\/vibefoods.ca\/fr\/wp-json\/wp\/v2\/product\/3462\/revisions"}],"predecessor-version":[{"id":5161,"href":"https:\/\/vibefoods.ca\/fr\/wp-json\/wp\/v2\/product\/3462\/revisions\/5161"}],"wp:featuredmedia":[{"embeddable":true,"href":"https:\/\/vibefoods.ca\/fr\/wp-json\/wp\/v2\/media\/4882"}],"wp:attachment":[{"href":"https:\/\/vibefoods.ca\/fr\/wp-json\/wp\/v2\/media?parent=3462"}],"wp:term":[{"taxonomy":"product_brand","embeddable":true,"href":"https:\/\/vibefoods.ca\/fr\/wp-json\/wp\/v2\/product_brand?post=3462"},{"taxonomy":"product_cat","embeddable":true,"href":"https:\/\/vibefoods.ca\/fr\/wp-json\/wp\/v2\/product_cat?post=3462"},{"taxonomy":"product_tag","embeddable":true,"href":"https:\/\/vibefoods.ca\/fr\/wp-json\/wp\/v2\/product_tag?post=3462"}],"curies":[{"name":"wp","href":"https:\/\/api.w.org\/{rel}","templated":true}]}}