{"id":3793,"date":"2024-03-12T16:21:36","date_gmt":"2024-03-12T16:21:36","guid":{"rendered":"https:\/\/vibe.serviceswebmarketing.ca\/product\/chips-de-chou-frise-a-lail-et-a-laneth\/"},"modified":"2025-08-16T04:12:11","modified_gmt":"2025-08-16T04:12:11","slug":"chips-de-chou-frise-a-lail-et-a-laneth","status":"publish","type":"product","link":"https:\/\/vibefoods.ca\/fr\/produit\/chips-de-chou-frise-a-lail-et-a-laneth\/","title":{"rendered":"Chips de chou fris\u00e9 \u00e0 l&rsquo;ail et \u00e0 l&rsquo;aneth"},"content":{"rendered":"<p>Deux en un&#8230; La combinaison de l&rsquo;aneth et de l&rsquo;ail dans ce m\u00e9lange en fait une saveur id\u00e9ale pour manger sur le pouce, comme amuse-bouche, et pour saupoudrer vos plats pr\u00e9f\u00e9r\u00e9s. Nos chips de chou fris\u00e9 sont d\u00e9shydrat\u00e9es \u00e0 basse temp\u00e9rature afin d&rsquo;en conserver tous les bienfaits et la saveur. Un must dans votre cuisine !<\/p>\n<div>\n<div>\n<div><img decoding=\"async\" class=\"alignnone wp-image-2395\" src=\"https:\/\/vibefoods.ca\/wp-content\/uploads\/2024\/04\/check-moka-1.png\" alt=\"\" width=\"19\" height=\"18\" \/> Livraison gratuite \u00e0 partir de 70 $ d&rsquo;achats.<\/div>\n<\/div>\n<div>\n<div><img decoding=\"async\" class=\"alignnone wp-image-2395\" src=\"https:\/\/vibefoods.ca\/wp-content\/uploads\/2024\/04\/check-moka-1.png\" alt=\"\" width=\"19\" height=\"18\" \/> Satisfaction garantie \u00e0 100 %.<\/div>\n<\/div>\n<div><img decoding=\"async\" class=\"alignnone wp-image-2395\" src=\"https:\/\/vibefoods.ca\/wp-content\/uploads\/2024\/04\/check-moka-1.png\" alt=\"\" width=\"19\" height=\"18\" \/> Nous pouvons exp\u00e9dier votre Vibe Foods directement \u00e0 l&rsquo;adresse de votre choix, assurez-vous simplement que l&rsquo;adresse d&rsquo;exp\u00e9dition est bien celle du destinataire.<\/div>\n<div><img decoding=\"async\" class=\"alignnone wp-image-2395\" src=\"https:\/\/vibefoods.ca\/wp-content\/uploads\/2024\/04\/check-moka-1.png\" alt=\"\" width=\"19\" height=\"18\" \/> <a href=\"https:\/\/vibefoods.ca\/fr\/politique-de-remboursement-ou-dechange\/\"> Politique de remboursement<\/a> et d&rsquo;<a href=\"https:\/\/vibefoods.ca\/fr\/politique-dexpedition\/\">exp\u00e9dition<\/a>!<\/div>\n<\/div>\n","protected":false},"excerpt":{"rendered":"<p>Deux en un&#8230; La combinaison de l&rsquo;aneth et de l&rsquo;ail dans ce m\u00e9lange en fait une saveur id\u00e9ale pour manger sur le pouce, comme amuse-bouche, et pour saupoudrer vos plats pr\u00e9f\u00e9r\u00e9s. Nos chips de chou fris\u00e9 sont d\u00e9shydrat\u00e9es \u00e0 basse temp\u00e9rature afin d&rsquo;en conserver tous les bienfaits et la saveur. Un must dans votre cuisine [&hellip;]<\/p>\n","protected":false},"featured_media":4561,"template":"","meta":[],"product_brand":[],"product_cat":[63],"product_tag":[],"class_list":{"0":"post-3793","1":"product","2":"type-product","3":"status-publish","4":"has-post-thumbnail","6":"product_cat-chips-de-chou-frise","8":"first","9":"instock","10":"featured","11":"taxable","12":"shipping-taxable","13":"purchasable","14":"product-type-variable"},"yoast_head":"<!-- This site is optimized with the Yoast SEO plugin v26.7 - https:\/\/yoast.com\/wordpress\/plugins\/seo\/ -->\n<title>Chips de chou fris\u00e9 ail &amp; aneth | Collation artisanale | Vibe Foods<\/title>\n<meta name=\"description\" content=\"Savourez nos chips de chou fris\u00e9 ail &amp; aneth : collation v\u00e9g\u00e9tale artisanale, croquante, keto, sans gluten, sans OGM, fabriqu\u00e9e au Qu\u00e9bec.\" \/>\n<meta name=\"robots\" content=\"index, follow, max-snippet:-1, max-image-preview:large, max-video-preview:-1\" \/>\n<link rel=\"canonical\" href=\"https:\/\/vibefoods.ca\/fr\/produit\/chips-de-chou-frise-a-lail-et-a-laneth\/\" \/>\n<meta property=\"og:locale\" content=\"fr_FR\" \/>\n<meta property=\"og:type\" content=\"article\" \/>\n<meta property=\"og:title\" content=\"Chips de chou fris\u00e9 ail &amp; aneth | Collation artisanale | Vibe Foods\" \/>\n<meta property=\"og:description\" content=\"Savourez nos chips de chou fris\u00e9 ail &amp; aneth : collation v\u00e9g\u00e9tale artisanale, croquante, keto, sans gluten, sans OGM, fabriqu\u00e9e au Qu\u00e9bec.\" \/>\n<meta property=\"og:url\" content=\"https:\/\/vibefoods.ca\/fr\/produit\/chips-de-chou-frise-a-lail-et-a-laneth\/\" \/>\n<meta property=\"og:site_name\" content=\"Vibe Foods Snacks\" \/>\n<meta property=\"article:publisher\" content=\"https:\/\/www.facebook.com\/Vibesupersnacks\" \/>\n<meta property=\"article:modified_time\" content=\"2025-08-16T04:12:11+00:00\" \/>\n<meta property=\"og:image\" content=\"https:\/\/vibefoods.ca\/wp-content\/uploads\/2024\/03\/ASachet_Vibe_2024-Oct-06_10-27-22PM-000_CustomizedView3654880129_png_alpha-1-1024x1024.png\" \/>\n\t<meta property=\"og:image:width\" content=\"1024\" \/>\n\t<meta property=\"og:image:height\" content=\"1024\" \/>\n\t<meta property=\"og:image:type\" content=\"image\/png\" \/>\n<script type=\"application\/ld+json\" class=\"yoast-schema-graph\">{\"@context\":\"https:\/\/schema.org\",\"@graph\":[{\"@type\":\"WebPage\",\"@id\":\"https:\/\/vibefoods.ca\/fr\/produit\/chips-de-chou-frise-a-lail-et-a-laneth\/\",\"url\":\"https:\/\/vibefoods.ca\/fr\/produit\/chips-de-chou-frise-a-lail-et-a-laneth\/\",\"name\":\"Chips de chou fris\u00e9 ail & aneth | Collation artisanale | Vibe Foods\",\"isPartOf\":{\"@id\":\"https:\/\/vibefoods.ca\/#website\"},\"primaryImageOfPage\":{\"@id\":\"https:\/\/vibefoods.ca\/fr\/produit\/chips-de-chou-frise-a-lail-et-a-laneth\/#primaryimage\"},\"image\":{\"@id\":\"https:\/\/vibefoods.ca\/fr\/produit\/chips-de-chou-frise-a-lail-et-a-laneth\/#primaryimage\"},\"thumbnailUrl\":\"https:\/\/vibefoods.ca\/wp-content\/uploads\/2024\/03\/ASachet_Vibe_2024-Oct-06_10-27-22PM-000_CustomizedView3654880129_png_alpha-1-e1733082498546-scaled.png\",\"datePublished\":\"2024-03-12T16:21:36+00:00\",\"dateModified\":\"2025-08-16T04:12:11+00:00\",\"description\":\"Savourez nos chips de chou fris\u00e9 ail & aneth : collation v\u00e9g\u00e9tale artisanale, croquante, keto, sans gluten, sans OGM, fabriqu\u00e9e au Qu\u00e9bec.\",\"breadcrumb\":{\"@id\":\"https:\/\/vibefoods.ca\/fr\/produit\/chips-de-chou-frise-a-lail-et-a-laneth\/#breadcrumb\"},\"inLanguage\":\"fr-FR\",\"potentialAction\":[{\"@type\":\"ReadAction\",\"target\":[\"https:\/\/vibefoods.ca\/fr\/produit\/chips-de-chou-frise-a-lail-et-a-laneth\/\"]}]},{\"@type\":\"ImageObject\",\"inLanguage\":\"fr-FR\",\"@id\":\"https:\/\/vibefoods.ca\/fr\/produit\/chips-de-chou-frise-a-lail-et-a-laneth\/#primaryimage\",\"url\":\"https:\/\/vibefoods.ca\/wp-content\/uploads\/2024\/03\/ASachet_Vibe_2024-Oct-06_10-27-22PM-000_CustomizedView3654880129_png_alpha-1-e1733082498546-scaled.png\",\"contentUrl\":\"https:\/\/vibefoods.ca\/wp-content\/uploads\/2024\/03\/ASachet_Vibe_2024-Oct-06_10-27-22PM-000_CustomizedView3654880129_png_alpha-1-e1733082498546-scaled.png\",\"width\":2560,\"height\":2560,\"caption\":\"Chips de chou fris\u00e9 ail & aneth | Collation artisanale | Vibe Foods\"},{\"@type\":\"BreadcrumbList\",\"@id\":\"https:\/\/vibefoods.ca\/fr\/produit\/chips-de-chou-frise-a-lail-et-a-laneth\/#breadcrumb\",\"itemListElement\":[{\"@type\":\"ListItem\",\"position\":1,\"name\":\"Home\",\"item\":\"https:\/\/vibefoods.ca\/fr\/\"},{\"@type\":\"ListItem\",\"position\":2,\"name\":\"Boutique\",\"item\":\"https:\/\/vibefoods.ca\/fr\/boutique\/\"},{\"@type\":\"ListItem\",\"position\":3,\"name\":\"Chips de chou fris\u00e9 \u00e0 l&#8217;ail et \u00e0 l&#8217;aneth\"}]},{\"@type\":\"WebSite\",\"@id\":\"https:\/\/vibefoods.ca\/#website\",\"url\":\"https:\/\/vibefoods.ca\/\",\"name\":\"Vibe Foods\",\"description\":\"Your ultimate healthy snack\",\"publisher\":{\"@id\":\"https:\/\/vibefoods.ca\/#organization\"},\"alternateName\":\"Aliments Vibe Foods\",\"potentialAction\":[{\"@type\":\"SearchAction\",\"target\":{\"@type\":\"EntryPoint\",\"urlTemplate\":\"https:\/\/vibefoods.ca\/?s={search_term_string}\"},\"query-input\":{\"@type\":\"PropertyValueSpecification\",\"valueRequired\":true,\"valueName\":\"search_term_string\"}}],\"inLanguage\":\"fr-FR\"},{\"@type\":\"Organization\",\"@id\":\"https:\/\/vibefoods.ca\/#organization\",\"name\":\"Vibe Foods Snacks\",\"alternateName\":\"Aliments Vibe Foods\",\"url\":\"https:\/\/vibefoods.ca\/\",\"logo\":{\"@type\":\"ImageObject\",\"inLanguage\":\"fr-FR\",\"@id\":\"https:\/\/vibefoods.ca\/#\/schema\/logo\/image\/\",\"url\":\"https:\/\/vibefoods.ca\/wp-content\/uploads\/2026\/02\/Logo_Vibe_Renverser1-basse-resolution.jpg\",\"contentUrl\":\"https:\/\/vibefoods.ca\/wp-content\/uploads\/2026\/02\/Logo_Vibe_Renverser1-basse-resolution.jpg\",\"width\":768,\"height\":768,\"caption\":\"Vibe Foods Snacks\"},\"image\":{\"@id\":\"https:\/\/vibefoods.ca\/#\/schema\/logo\/image\/\"},\"sameAs\":[\"https:\/\/www.facebook.com\/Vibesupersnacks\",\"https:\/\/www.tiktok.com\/@vibesupersnacks\",\"https:\/\/www.instagram.com\/vibesupersnacks\"]}]}<\/script>\n<!-- \/ Yoast SEO plugin. -->","yoast_head_json":{"title":"Chips de chou fris\u00e9 ail & aneth | Collation artisanale | Vibe Foods","description":"Savourez nos chips de chou fris\u00e9 ail & aneth : collation v\u00e9g\u00e9tale artisanale, croquante, keto, sans gluten, sans OGM, fabriqu\u00e9e au Qu\u00e9bec.","robots":{"index":"index","follow":"follow","max-snippet":"max-snippet:-1","max-image-preview":"max-image-preview:large","max-video-preview":"max-video-preview:-1"},"canonical":"https:\/\/vibefoods.ca\/fr\/produit\/chips-de-chou-frise-a-lail-et-a-laneth\/","og_locale":"fr_FR","og_type":"article","og_title":"Chips de chou fris\u00e9 ail & aneth | Collation artisanale | Vibe Foods","og_description":"Savourez nos chips de chou fris\u00e9 ail & aneth : collation v\u00e9g\u00e9tale artisanale, croquante, keto, sans gluten, sans OGM, fabriqu\u00e9e au Qu\u00e9bec.","og_url":"https:\/\/vibefoods.ca\/fr\/produit\/chips-de-chou-frise-a-lail-et-a-laneth\/","og_site_name":"Vibe Foods Snacks","article_publisher":"https:\/\/www.facebook.com\/Vibesupersnacks","article_modified_time":"2025-08-16T04:12:11+00:00","og_image":[{"width":1024,"height":1024,"url":"https:\/\/vibefoods.ca\/wp-content\/uploads\/2024\/03\/ASachet_Vibe_2024-Oct-06_10-27-22PM-000_CustomizedView3654880129_png_alpha-1-1024x1024.png","type":"image\/png"}],"schema":{"@context":"https:\/\/schema.org","@graph":[{"@type":"WebPage","@id":"https:\/\/vibefoods.ca\/fr\/produit\/chips-de-chou-frise-a-lail-et-a-laneth\/","url":"https:\/\/vibefoods.ca\/fr\/produit\/chips-de-chou-frise-a-lail-et-a-laneth\/","name":"Chips de chou fris\u00e9 ail & aneth | Collation artisanale | Vibe Foods","isPartOf":{"@id":"https:\/\/vibefoods.ca\/#website"},"primaryImageOfPage":{"@id":"https:\/\/vibefoods.ca\/fr\/produit\/chips-de-chou-frise-a-lail-et-a-laneth\/#primaryimage"},"image":{"@id":"https:\/\/vibefoods.ca\/fr\/produit\/chips-de-chou-frise-a-lail-et-a-laneth\/#primaryimage"},"thumbnailUrl":"https:\/\/vibefoods.ca\/wp-content\/uploads\/2024\/03\/ASachet_Vibe_2024-Oct-06_10-27-22PM-000_CustomizedView3654880129_png_alpha-1-e1733082498546-scaled.png","datePublished":"2024-03-12T16:21:36+00:00","dateModified":"2025-08-16T04:12:11+00:00","description":"Savourez nos chips de chou fris\u00e9 ail & aneth : collation v\u00e9g\u00e9tale artisanale, croquante, keto, sans gluten, sans OGM, fabriqu\u00e9e au Qu\u00e9bec.","breadcrumb":{"@id":"https:\/\/vibefoods.ca\/fr\/produit\/chips-de-chou-frise-a-lail-et-a-laneth\/#breadcrumb"},"inLanguage":"fr-FR","potentialAction":[{"@type":"ReadAction","target":["https:\/\/vibefoods.ca\/fr\/produit\/chips-de-chou-frise-a-lail-et-a-laneth\/"]}]},{"@type":"ImageObject","inLanguage":"fr-FR","@id":"https:\/\/vibefoods.ca\/fr\/produit\/chips-de-chou-frise-a-lail-et-a-laneth\/#primaryimage","url":"https:\/\/vibefoods.ca\/wp-content\/uploads\/2024\/03\/ASachet_Vibe_2024-Oct-06_10-27-22PM-000_CustomizedView3654880129_png_alpha-1-e1733082498546-scaled.png","contentUrl":"https:\/\/vibefoods.ca\/wp-content\/uploads\/2024\/03\/ASachet_Vibe_2024-Oct-06_10-27-22PM-000_CustomizedView3654880129_png_alpha-1-e1733082498546-scaled.png","width":2560,"height":2560,"caption":"Chips de chou fris\u00e9 ail & aneth | Collation artisanale | Vibe Foods"},{"@type":"BreadcrumbList","@id":"https:\/\/vibefoods.ca\/fr\/produit\/chips-de-chou-frise-a-lail-et-a-laneth\/#breadcrumb","itemListElement":[{"@type":"ListItem","position":1,"name":"Home","item":"https:\/\/vibefoods.ca\/fr\/"},{"@type":"ListItem","position":2,"name":"Boutique","item":"https:\/\/vibefoods.ca\/fr\/boutique\/"},{"@type":"ListItem","position":3,"name":"Chips de chou fris\u00e9 \u00e0 l&#8217;ail et \u00e0 l&#8217;aneth"}]},{"@type":"WebSite","@id":"https:\/\/vibefoods.ca\/#website","url":"https:\/\/vibefoods.ca\/","name":"Vibe Foods","description":"Your ultimate healthy snack","publisher":{"@id":"https:\/\/vibefoods.ca\/#organization"},"alternateName":"Aliments Vibe Foods","potentialAction":[{"@type":"SearchAction","target":{"@type":"EntryPoint","urlTemplate":"https:\/\/vibefoods.ca\/?s={search_term_string}"},"query-input":{"@type":"PropertyValueSpecification","valueRequired":true,"valueName":"search_term_string"}}],"inLanguage":"fr-FR"},{"@type":"Organization","@id":"https:\/\/vibefoods.ca\/#organization","name":"Vibe Foods Snacks","alternateName":"Aliments Vibe Foods","url":"https:\/\/vibefoods.ca\/","logo":{"@type":"ImageObject","inLanguage":"fr-FR","@id":"https:\/\/vibefoods.ca\/#\/schema\/logo\/image\/","url":"https:\/\/vibefoods.ca\/wp-content\/uploads\/2026\/02\/Logo_Vibe_Renverser1-basse-resolution.jpg","contentUrl":"https:\/\/vibefoods.ca\/wp-content\/uploads\/2026\/02\/Logo_Vibe_Renverser1-basse-resolution.jpg","width":768,"height":768,"caption":"Vibe Foods Snacks"},"image":{"@id":"https:\/\/vibefoods.ca\/#\/schema\/logo\/image\/"},"sameAs":["https:\/\/www.facebook.com\/Vibesupersnacks","https:\/\/www.tiktok.com\/@vibesupersnacks","https:\/\/www.instagram.com\/vibesupersnacks"]}]}},"_links":{"self":[{"href":"https:\/\/vibefoods.ca\/fr\/wp-json\/wp\/v2\/product\/3793","targetHints":{"allow":["GET"]}}],"collection":[{"href":"https:\/\/vibefoods.ca\/fr\/wp-json\/wp\/v2\/product"}],"about":[{"href":"https:\/\/vibefoods.ca\/fr\/wp-json\/wp\/v2\/types\/product"}],"version-history":[{"count":1,"href":"https:\/\/vibefoods.ca\/fr\/wp-json\/wp\/v2\/product\/3793\/revisions"}],"predecessor-version":[{"id":3795,"href":"https:\/\/vibefoods.ca\/fr\/wp-json\/wp\/v2\/product\/3793\/revisions\/3795"}],"wp:featuredmedia":[{"embeddable":true,"href":"https:\/\/vibefoods.ca\/fr\/wp-json\/wp\/v2\/media\/4561"}],"wp:attachment":[{"href":"https:\/\/vibefoods.ca\/fr\/wp-json\/wp\/v2\/media?parent=3793"}],"wp:term":[{"taxonomy":"product_brand","embeddable":true,"href":"https:\/\/vibefoods.ca\/fr\/wp-json\/wp\/v2\/product_brand?post=3793"},{"taxonomy":"product_cat","embeddable":true,"href":"https:\/\/vibefoods.ca\/fr\/wp-json\/wp\/v2\/product_cat?post=3793"},{"taxonomy":"product_tag","embeddable":true,"href":"https:\/\/vibefoods.ca\/fr\/wp-json\/wp\/v2\/product_tag?post=3793"}],"curies":[{"name":"wp","href":"https:\/\/api.w.org\/{rel}","templated":true}]}}