{"id":4148,"date":"2024-03-29T15:22:25","date_gmt":"2024-03-29T15:22:25","guid":{"rendered":"https:\/\/vibe.serviceswebmarketing.ca\/product\/vegan-cheese-kale-chips\/"},"modified":"2025-12-03T19:04:17","modified_gmt":"2025-12-03T19:04:17","slug":"chips-de-kale-delice-fromage-vegetalien","status":"publish","type":"product","link":"https:\/\/vibefoods.ca\/fr\/produit\/chips-de-kale-delice-fromage-vegetalien\/","title":{"rendered":"Chips de kale, D\u00e9lice fromag\u00e9 v\u00e9g\u00e9talien"},"content":{"rendered":"<p>Vous aimez le go\u00fbt fromag\u00e9? Vous risquez de passer \u00e0 travers le sac avant m\u00eame de savoir que c\u2019est v\u00e9g\u00e9talien! Avec son go\u00fbt l\u00e9g\u00e8rement relev\u00e9 et rappelant le cheddar, nos chips de kale \u00e0 saveur de fromage, mais contenant plut\u00f4t de la levure nutritionnelle et des poivrons rouges, sont d\u00e9licieux et croquant \u00e0 souhait! Vous allez les adopter sur le champ\u2026et pensez \u00e0 garnir vos plats pr\u00e9f\u00e9r\u00e9s avec les miettes!<\/p>\n<div>\n<div>\n<div><img decoding=\"async\" class=\"alignnone wp-image-2395\" src=\"https:\/\/vibefoods.ca\/wp-content\/uploads\/2024\/04\/check-moka-1.png\" alt=\"\" width=\"19\" height=\"18\" \/> Livraison gratuite \u00e0 partir de 70$ et +.<\/div>\n<\/div>\n<div>\n<div><img decoding=\"async\" class=\"alignnone wp-image-2395\" src=\"https:\/\/vibefoods.ca\/wp-content\/uploads\/2024\/04\/check-moka-1.png\" alt=\"\" width=\"19\" height=\"18\" \/> 100% satisfaction garantie.<\/div>\n<\/div>\n<div><img decoding=\"async\" class=\"alignnone wp-image-2395\" src=\"https:\/\/vibefoods.ca\/wp-content\/uploads\/2024\/04\/check-moka-1.png\" alt=\"\" width=\"19\" height=\"18\" \/> Nous pouvons livrer directement votre Vibe Foods \u00e0 l\u2019adresse de votre choix, simplement s\u2019assurer que l\u2019adresse d\u2019exp\u00e9dition est celle du r\u00e9cipiendaire.<\/div>\n<div><img decoding=\"async\" class=\"alignnone wp-image-2395\" src=\"https:\/\/vibefoods.ca\/wp-content\/uploads\/2024\/04\/check-moka-1.png\" alt=\"\" width=\"19\" height=\"18\" \/>\u00a0<a href=\"https:\/\/vibefoods.ca\/politique-de-remboursement-ou-dechange\/\">Politique de remboursement<\/a> &amp; <a href=\"https:\/\/vibefoods.ca\/politique-dexpedition\/\">Politique d&rsquo;exp\u00e9dition<\/a>!<\/div>\n<\/div>\n<div><\/div>\n<div><a href=\"https:\/\/www.amazon.ca\/stores\/VibeFoods\/page\/95A04012-274C-46A8-B483-D5751CDE7546?language=fr_CA\" target=\"_blank\" rel=\"noopener\"><img decoding=\"async\" class=\"alignnone size-medium wp-image-5159\" src=\"https:\/\/vibefoods.ca\/wp-content\/uploads\/2025\/07\/1-300x150.png\" alt=\"amazon_link_vibefood_FR\" width=\"300\" height=\"150\" srcset=\"https:\/\/vibefoods.ca\/wp-content\/uploads\/2025\/07\/1-300x150.png 300w, https:\/\/vibefoods.ca\/wp-content\/uploads\/2025\/07\/1.png 500w\" sizes=\"(max-width: 300px) 100vw, 300px\" \/><\/a><\/div>\n","protected":false},"excerpt":{"rendered":"<p>Vous aimez le go\u00fbt fromag\u00e9? Vous risquez de passer \u00e0 travers le sac avant m\u00eame de savoir que c\u2019est v\u00e9g\u00e9talien! Avec son go\u00fbt l\u00e9g\u00e8rement relev\u00e9 et rappelant le cheddar, nos chips de kale \u00e0 saveur de fromage, mais contenant plut\u00f4t de la levure nutritionnelle et des poivrons rouges, sont d\u00e9licieux et croquant \u00e0 souhait! Vous [&hellip;]<\/p>\n","protected":false},"featured_media":4528,"template":"","meta":[],"product_brand":[],"product_cat":[63],"product_tag":[],"class_list":{"0":"post-4148","1":"product","2":"type-product","3":"status-publish","4":"has-post-thumbnail","6":"product_cat-chips-de-chou-frise","8":"first","9":"instock","10":"featured","11":"taxable","12":"shipping-taxable","13":"purchasable","14":"product-type-variable"},"yoast_head":"<!-- This site is optimized with the Yoast SEO plugin v26.7 - https:\/\/yoast.com\/wordpress\/plugins\/seo\/ -->\n<title>Chips de kale saveur fromage v\u00e9gane | Vibe Foods<\/title>\n<meta name=\"description\" content=\"Savourez nos chips de kale saveur fromage v\u00e9g\u00e9talien : collation artisanale, croquante, keto, sans gluten et sans OGM, fabriqu\u00e9e au Qu\u00e9bec.\" \/>\n<meta name=\"robots\" content=\"index, follow, max-snippet:-1, max-image-preview:large, max-video-preview:-1\" \/>\n<link rel=\"canonical\" href=\"https:\/\/vibefoods.ca\/fr\/produit\/chips-de-kale-delice-fromage-vegetalien\/\" \/>\n<meta property=\"og:locale\" content=\"fr_FR\" \/>\n<meta property=\"og:type\" content=\"article\" \/>\n<meta property=\"og:title\" content=\"Chips de kale saveur fromage v\u00e9gane | Vibe Foods\" \/>\n<meta property=\"og:description\" content=\"Savourez nos chips de kale saveur fromage v\u00e9g\u00e9talien : collation artisanale, croquante, keto, sans gluten et sans OGM, fabriqu\u00e9e au Qu\u00e9bec.\" \/>\n<meta property=\"og:url\" content=\"https:\/\/vibefoods.ca\/fr\/produit\/chips-de-kale-delice-fromage-vegetalien\/\" \/>\n<meta property=\"og:site_name\" content=\"Vibe Foods Snacks\" \/>\n<meta property=\"article:publisher\" content=\"https:\/\/www.facebook.com\/Vibesupersnacks\" \/>\n<meta property=\"article:modified_time\" content=\"2025-12-03T19:04:17+00:00\" \/>\n<meta property=\"og:image\" content=\"https:\/\/vibefoods.ca\/wp-content\/uploads\/2024\/03\/CSachet_Vibe_2024-Oct-06_10-25-55PM-000_CustomizedView3654880129_png_alpha-e1733082069381-scaled.png\" \/>\n\t<meta property=\"og:image:width\" content=\"2560\" \/>\n\t<meta property=\"og:image:height\" content=\"2560\" \/>\n\t<meta property=\"og:image:type\" content=\"image\/png\" \/>\n<script type=\"application\/ld+json\" class=\"yoast-schema-graph\">{\"@context\":\"https:\/\/schema.org\",\"@graph\":[{\"@type\":\"WebPage\",\"@id\":\"https:\/\/vibefoods.ca\/fr\/produit\/chips-de-kale-delice-fromage-vegetalien\/\",\"url\":\"https:\/\/vibefoods.ca\/fr\/produit\/chips-de-kale-delice-fromage-vegetalien\/\",\"name\":\"Chips de kale saveur fromage v\u00e9gane | Vibe Foods\",\"isPartOf\":{\"@id\":\"https:\/\/vibefoods.ca\/#website\"},\"primaryImageOfPage\":{\"@id\":\"https:\/\/vibefoods.ca\/fr\/produit\/chips-de-kale-delice-fromage-vegetalien\/#primaryimage\"},\"image\":{\"@id\":\"https:\/\/vibefoods.ca\/fr\/produit\/chips-de-kale-delice-fromage-vegetalien\/#primaryimage\"},\"thumbnailUrl\":\"https:\/\/vibefoods.ca\/wp-content\/uploads\/2024\/03\/CSachet_Vibe_2024-Oct-06_10-25-55PM-000_CustomizedView3654880129_png_alpha-e1733082069381-scaled.png\",\"datePublished\":\"2024-03-29T15:22:25+00:00\",\"dateModified\":\"2025-12-03T19:04:17+00:00\",\"description\":\"Savourez nos chips de kale saveur fromage v\u00e9g\u00e9talien : collation artisanale, croquante, keto, sans gluten et sans OGM, fabriqu\u00e9e au Qu\u00e9bec.\",\"breadcrumb\":{\"@id\":\"https:\/\/vibefoods.ca\/fr\/produit\/chips-de-kale-delice-fromage-vegetalien\/#breadcrumb\"},\"inLanguage\":\"fr-FR\",\"potentialAction\":[{\"@type\":\"ReadAction\",\"target\":[\"https:\/\/vibefoods.ca\/fr\/produit\/chips-de-kale-delice-fromage-vegetalien\/\"]}]},{\"@type\":\"ImageObject\",\"inLanguage\":\"fr-FR\",\"@id\":\"https:\/\/vibefoods.ca\/fr\/produit\/chips-de-kale-delice-fromage-vegetalien\/#primaryimage\",\"url\":\"https:\/\/vibefoods.ca\/wp-content\/uploads\/2024\/03\/CSachet_Vibe_2024-Oct-06_10-25-55PM-000_CustomizedView3654880129_png_alpha-e1733082069381-scaled.png\",\"contentUrl\":\"https:\/\/vibefoods.ca\/wp-content\/uploads\/2024\/03\/CSachet_Vibe_2024-Oct-06_10-25-55PM-000_CustomizedView3654880129_png_alpha-e1733082069381-scaled.png\",\"width\":2560,\"height\":2560,\"caption\":\"Chips de kale saveur fromage v\u00e9gane | Vibe Foods\"},{\"@type\":\"BreadcrumbList\",\"@id\":\"https:\/\/vibefoods.ca\/fr\/produit\/chips-de-kale-delice-fromage-vegetalien\/#breadcrumb\",\"itemListElement\":[{\"@type\":\"ListItem\",\"position\":1,\"name\":\"Home\",\"item\":\"https:\/\/vibefoods.ca\/fr\/\"},{\"@type\":\"ListItem\",\"position\":2,\"name\":\"Boutique\",\"item\":\"https:\/\/vibefoods.ca\/fr\/boutique\/\"},{\"@type\":\"ListItem\",\"position\":3,\"name\":\"Chips de kale, D\u00e9lice fromag\u00e9 v\u00e9g\u00e9talien\"}]},{\"@type\":\"WebSite\",\"@id\":\"https:\/\/vibefoods.ca\/#website\",\"url\":\"https:\/\/vibefoods.ca\/\",\"name\":\"Vibe Foods\",\"description\":\"Your ultimate healthy snack\",\"publisher\":{\"@id\":\"https:\/\/vibefoods.ca\/#organization\"},\"alternateName\":\"Aliments Vibe Foods\",\"potentialAction\":[{\"@type\":\"SearchAction\",\"target\":{\"@type\":\"EntryPoint\",\"urlTemplate\":\"https:\/\/vibefoods.ca\/?s={search_term_string}\"},\"query-input\":{\"@type\":\"PropertyValueSpecification\",\"valueRequired\":true,\"valueName\":\"search_term_string\"}}],\"inLanguage\":\"fr-FR\"},{\"@type\":\"Organization\",\"@id\":\"https:\/\/vibefoods.ca\/#organization\",\"name\":\"Vibe Foods Snacks\",\"alternateName\":\"Aliments Vibe Foods\",\"url\":\"https:\/\/vibefoods.ca\/\",\"logo\":{\"@type\":\"ImageObject\",\"inLanguage\":\"fr-FR\",\"@id\":\"https:\/\/vibefoods.ca\/#\/schema\/logo\/image\/\",\"url\":\"https:\/\/vibefoods.ca\/wp-content\/uploads\/2026\/02\/Logo_Vibe_Renverser1-basse-resolution.jpg\",\"contentUrl\":\"https:\/\/vibefoods.ca\/wp-content\/uploads\/2026\/02\/Logo_Vibe_Renverser1-basse-resolution.jpg\",\"width\":768,\"height\":768,\"caption\":\"Vibe Foods Snacks\"},\"image\":{\"@id\":\"https:\/\/vibefoods.ca\/#\/schema\/logo\/image\/\"},\"sameAs\":[\"https:\/\/www.facebook.com\/Vibesupersnacks\",\"https:\/\/www.tiktok.com\/@vibesupersnacks\",\"https:\/\/www.instagram.com\/vibesupersnacks\"]}]}<\/script>\n<!-- \/ Yoast SEO plugin. -->","yoast_head_json":{"title":"Chips de kale saveur fromage v\u00e9gane | Vibe Foods","description":"Savourez nos chips de kale saveur fromage v\u00e9g\u00e9talien : collation artisanale, croquante, keto, sans gluten et sans OGM, fabriqu\u00e9e au Qu\u00e9bec.","robots":{"index":"index","follow":"follow","max-snippet":"max-snippet:-1","max-image-preview":"max-image-preview:large","max-video-preview":"max-video-preview:-1"},"canonical":"https:\/\/vibefoods.ca\/fr\/produit\/chips-de-kale-delice-fromage-vegetalien\/","og_locale":"fr_FR","og_type":"article","og_title":"Chips de kale saveur fromage v\u00e9gane | Vibe Foods","og_description":"Savourez nos chips de kale saveur fromage v\u00e9g\u00e9talien : collation artisanale, croquante, keto, sans gluten et sans OGM, fabriqu\u00e9e au Qu\u00e9bec.","og_url":"https:\/\/vibefoods.ca\/fr\/produit\/chips-de-kale-delice-fromage-vegetalien\/","og_site_name":"Vibe Foods Snacks","article_publisher":"https:\/\/www.facebook.com\/Vibesupersnacks","article_modified_time":"2025-12-03T19:04:17+00:00","og_image":[{"width":2560,"height":2560,"url":"https:\/\/vibefoods.ca\/wp-content\/uploads\/2024\/03\/CSachet_Vibe_2024-Oct-06_10-25-55PM-000_CustomizedView3654880129_png_alpha-e1733082069381-scaled.png","type":"image\/png"}],"schema":{"@context":"https:\/\/schema.org","@graph":[{"@type":"WebPage","@id":"https:\/\/vibefoods.ca\/fr\/produit\/chips-de-kale-delice-fromage-vegetalien\/","url":"https:\/\/vibefoods.ca\/fr\/produit\/chips-de-kale-delice-fromage-vegetalien\/","name":"Chips de kale saveur fromage v\u00e9gane | Vibe Foods","isPartOf":{"@id":"https:\/\/vibefoods.ca\/#website"},"primaryImageOfPage":{"@id":"https:\/\/vibefoods.ca\/fr\/produit\/chips-de-kale-delice-fromage-vegetalien\/#primaryimage"},"image":{"@id":"https:\/\/vibefoods.ca\/fr\/produit\/chips-de-kale-delice-fromage-vegetalien\/#primaryimage"},"thumbnailUrl":"https:\/\/vibefoods.ca\/wp-content\/uploads\/2024\/03\/CSachet_Vibe_2024-Oct-06_10-25-55PM-000_CustomizedView3654880129_png_alpha-e1733082069381-scaled.png","datePublished":"2024-03-29T15:22:25+00:00","dateModified":"2025-12-03T19:04:17+00:00","description":"Savourez nos chips de kale saveur fromage v\u00e9g\u00e9talien : collation artisanale, croquante, keto, sans gluten et sans OGM, fabriqu\u00e9e au Qu\u00e9bec.","breadcrumb":{"@id":"https:\/\/vibefoods.ca\/fr\/produit\/chips-de-kale-delice-fromage-vegetalien\/#breadcrumb"},"inLanguage":"fr-FR","potentialAction":[{"@type":"ReadAction","target":["https:\/\/vibefoods.ca\/fr\/produit\/chips-de-kale-delice-fromage-vegetalien\/"]}]},{"@type":"ImageObject","inLanguage":"fr-FR","@id":"https:\/\/vibefoods.ca\/fr\/produit\/chips-de-kale-delice-fromage-vegetalien\/#primaryimage","url":"https:\/\/vibefoods.ca\/wp-content\/uploads\/2024\/03\/CSachet_Vibe_2024-Oct-06_10-25-55PM-000_CustomizedView3654880129_png_alpha-e1733082069381-scaled.png","contentUrl":"https:\/\/vibefoods.ca\/wp-content\/uploads\/2024\/03\/CSachet_Vibe_2024-Oct-06_10-25-55PM-000_CustomizedView3654880129_png_alpha-e1733082069381-scaled.png","width":2560,"height":2560,"caption":"Chips de kale saveur fromage v\u00e9gane | Vibe Foods"},{"@type":"BreadcrumbList","@id":"https:\/\/vibefoods.ca\/fr\/produit\/chips-de-kale-delice-fromage-vegetalien\/#breadcrumb","itemListElement":[{"@type":"ListItem","position":1,"name":"Home","item":"https:\/\/vibefoods.ca\/fr\/"},{"@type":"ListItem","position":2,"name":"Boutique","item":"https:\/\/vibefoods.ca\/fr\/boutique\/"},{"@type":"ListItem","position":3,"name":"Chips de kale, D\u00e9lice fromag\u00e9 v\u00e9g\u00e9talien"}]},{"@type":"WebSite","@id":"https:\/\/vibefoods.ca\/#website","url":"https:\/\/vibefoods.ca\/","name":"Vibe Foods","description":"Your ultimate healthy snack","publisher":{"@id":"https:\/\/vibefoods.ca\/#organization"},"alternateName":"Aliments Vibe Foods","potentialAction":[{"@type":"SearchAction","target":{"@type":"EntryPoint","urlTemplate":"https:\/\/vibefoods.ca\/?s={search_term_string}"},"query-input":{"@type":"PropertyValueSpecification","valueRequired":true,"valueName":"search_term_string"}}],"inLanguage":"fr-FR"},{"@type":"Organization","@id":"https:\/\/vibefoods.ca\/#organization","name":"Vibe Foods Snacks","alternateName":"Aliments Vibe Foods","url":"https:\/\/vibefoods.ca\/","logo":{"@type":"ImageObject","inLanguage":"fr-FR","@id":"https:\/\/vibefoods.ca\/#\/schema\/logo\/image\/","url":"https:\/\/vibefoods.ca\/wp-content\/uploads\/2026\/02\/Logo_Vibe_Renverser1-basse-resolution.jpg","contentUrl":"https:\/\/vibefoods.ca\/wp-content\/uploads\/2026\/02\/Logo_Vibe_Renverser1-basse-resolution.jpg","width":768,"height":768,"caption":"Vibe Foods Snacks"},"image":{"@id":"https:\/\/vibefoods.ca\/#\/schema\/logo\/image\/"},"sameAs":["https:\/\/www.facebook.com\/Vibesupersnacks","https:\/\/www.tiktok.com\/@vibesupersnacks","https:\/\/www.instagram.com\/vibesupersnacks"]}]}},"_links":{"self":[{"href":"https:\/\/vibefoods.ca\/fr\/wp-json\/wp\/v2\/product\/4148","targetHints":{"allow":["GET"]}}],"collection":[{"href":"https:\/\/vibefoods.ca\/fr\/wp-json\/wp\/v2\/product"}],"about":[{"href":"https:\/\/vibefoods.ca\/fr\/wp-json\/wp\/v2\/types\/product"}],"version-history":[{"count":2,"href":"https:\/\/vibefoods.ca\/fr\/wp-json\/wp\/v2\/product\/4148\/revisions"}],"predecessor-version":[{"id":5163,"href":"https:\/\/vibefoods.ca\/fr\/wp-json\/wp\/v2\/product\/4148\/revisions\/5163"}],"wp:featuredmedia":[{"embeddable":true,"href":"https:\/\/vibefoods.ca\/fr\/wp-json\/wp\/v2\/media\/4528"}],"wp:attachment":[{"href":"https:\/\/vibefoods.ca\/fr\/wp-json\/wp\/v2\/media?parent=4148"}],"wp:term":[{"taxonomy":"product_brand","embeddable":true,"href":"https:\/\/vibefoods.ca\/fr\/wp-json\/wp\/v2\/product_brand?post=4148"},{"taxonomy":"product_cat","embeddable":true,"href":"https:\/\/vibefoods.ca\/fr\/wp-json\/wp\/v2\/product_cat?post=4148"},{"taxonomy":"product_tag","embeddable":true,"href":"https:\/\/vibefoods.ca\/fr\/wp-json\/wp\/v2\/product_tag?post=4148"}],"curies":[{"name":"wp","href":"https:\/\/api.w.org\/{rel}","templated":true}]}}