{"id":4179,"date":"2024-03-29T15:21:15","date_gmt":"2024-03-29T15:21:15","guid":{"rendered":"https:\/\/vibe.serviceswebmarketing.ca\/?post_type=product&#038;p=4179"},"modified":"2025-12-03T19:06:24","modified_gmt":"2025-12-03T19:06:24","slug":"chips-de-kale-creme-sure-vegetalienne-et-oignons-verts","status":"publish","type":"product","link":"https:\/\/vibefoods.ca\/fr\/produit\/chips-de-kale-creme-sure-vegetalienne-et-oignons-verts\/","title":{"rendered":"Chips de kale, Cr\u00e8me sure v\u00e9g\u00e9talienne et oignons verts"},"content":{"rendered":"<p>C\u2019est s\u00fbr et certain que vous allez d\u00e9vorez nos choux fris\u00e9s pr\u00e9par\u00e9s avec des \u00e9chalotes fraiches et notre sauce de cr\u00e8me sure v\u00e9g\u00e9talienne. Nos chips de kale sont toujours confectionn\u00e9es avec des l\u00e9gumes frais de fa\u00e7on artisanale. Alors m\u00eame si vous finissez le sac, vous aurez juste mang\u00e9 plus de l\u00e9gumes!<\/p>\n<div>\n<div>\n<div><img decoding=\"async\" class=\"alignnone wp-image-2395\" src=\"https:\/\/vibefoods.ca\/wp-content\/uploads\/2024\/04\/check-moka-1.png\" alt=\"\" width=\"19\" height=\"18\" \/> Livraison gratuite \u00e0 partir de 70$ et +.<\/div>\n<\/div>\n<div>\n<div><img decoding=\"async\" class=\"alignnone wp-image-2395\" src=\"https:\/\/vibefoods.ca\/wp-content\/uploads\/2024\/04\/check-moka-1.png\" alt=\"\" width=\"19\" height=\"18\" \/> 100% satisfaction garantie.<\/div>\n<\/div>\n<div><img decoding=\"async\" class=\"alignnone wp-image-2395\" src=\"https:\/\/vibefoods.ca\/wp-content\/uploads\/2024\/04\/check-moka-1.png\" alt=\"\" width=\"19\" height=\"18\" \/> Nous pouvons livrer directement votre Vibe Foods \u00e0 l\u2019adresse de votre choix, simplement s\u2019assurer que l\u2019adresse d\u2019exp\u00e9dition est celle du r\u00e9cipiendaire.<\/div>\n<div><img decoding=\"async\" class=\"alignnone wp-image-2395\" src=\"https:\/\/vibefoods.ca\/wp-content\/uploads\/2024\/04\/check-moka-1.png\" alt=\"\" width=\"19\" height=\"18\" \/>\u00a0<a href=\"https:\/\/vibefoods.ca\/politique-de-remboursement-ou-dechange\/\">Politique de remboursement<\/a> &amp; <a href=\"https:\/\/vibefoods.ca\/politique-dexpedition\/\">Politique d&rsquo;exp\u00e9dition<\/a>!<\/div>\n<\/div>\n<div><\/div>\n<div><a href=\"https:\/\/www.amazon.ca\/stores\/VibeFoods\/page\/95A04012-274C-46A8-B483-D5751CDE7546?language=fr_CA\" target=\"_blank\" rel=\"noopener\"><img decoding=\"async\" class=\"alignnone size-medium wp-image-5159\" src=\"https:\/\/vibefoods.ca\/wp-content\/uploads\/2025\/07\/1-300x150.png\" alt=\"amazon_link_vibefood_FR\" width=\"300\" height=\"150\" srcset=\"https:\/\/vibefoods.ca\/wp-content\/uploads\/2025\/07\/1-300x150.png 300w, https:\/\/vibefoods.ca\/wp-content\/uploads\/2025\/07\/1.png 500w\" sizes=\"(max-width: 300px) 100vw, 300px\" \/><\/a><\/div>\n","protected":false},"excerpt":{"rendered":"<p>C\u2019est s\u00fbr et certain que vous allez d\u00e9vorez nos choux fris\u00e9s pr\u00e9par\u00e9s avec des \u00e9chalotes fraiches et notre sauce de cr\u00e8me sure v\u00e9g\u00e9talienne. Nos chips de kale sont toujours confectionn\u00e9es avec des l\u00e9gumes frais de fa\u00e7on artisanale. Alors m\u00eame si vous finissez le sac, vous aurez juste mang\u00e9 plus de l\u00e9gumes! Livraison gratuite \u00e0 partir [&hellip;]<\/p>\n","protected":false},"featured_media":4555,"template":"","meta":[],"product_brand":[],"product_cat":[63],"product_tag":[],"class_list":{"0":"post-4179","1":"product","2":"type-product","3":"status-publish","4":"has-post-thumbnail","6":"product_cat-chips-de-chou-frise","8":"first","9":"instock","10":"featured","11":"taxable","12":"shipping-taxable","13":"purchasable","14":"product-type-variable"},"yoast_head":"<!-- This site is optimized with the Yoast SEO plugin v26.7 - https:\/\/yoast.com\/wordpress\/plugins\/seo\/ -->\n<title>Chips de kale cr\u00e8me s\u00fbre &amp; oignons verts | Vibe Foods<\/title>\n<meta name=\"description\" content=\"Go\u00fbtez nos chips de kale cr\u00e8me s\u00fbre et oignons verts : collation artisanale, croquante, keto, sans gluten et sans OGM, fabriqu\u00e9e au Qu\u00e9bec.\" \/>\n<meta name=\"robots\" content=\"index, follow, max-snippet:-1, max-image-preview:large, max-video-preview:-1\" \/>\n<link rel=\"canonical\" href=\"https:\/\/vibefoods.ca\/fr\/produit\/chips-de-kale-creme-sure-vegetalienne-et-oignons-verts\/\" \/>\n<meta property=\"og:locale\" content=\"fr_FR\" \/>\n<meta property=\"og:type\" content=\"article\" \/>\n<meta property=\"og:title\" content=\"Chips de kale cr\u00e8me s\u00fbre &amp; oignons verts | Vibe Foods\" \/>\n<meta property=\"og:description\" content=\"Go\u00fbtez nos chips de kale cr\u00e8me s\u00fbre et oignons verts : collation artisanale, croquante, keto, sans gluten et sans OGM, fabriqu\u00e9e au Qu\u00e9bec.\" \/>\n<meta property=\"og:url\" content=\"https:\/\/vibefoods.ca\/fr\/produit\/chips-de-kale-creme-sure-vegetalienne-et-oignons-verts\/\" \/>\n<meta property=\"og:site_name\" content=\"Vibe Foods Snacks\" \/>\n<meta property=\"article:publisher\" content=\"https:\/\/www.facebook.com\/Vibesupersnacks\" \/>\n<meta property=\"article:modified_time\" content=\"2025-12-03T19:06:24+00:00\" \/>\n<meta property=\"og:image\" content=\"https:\/\/vibefoods.ca\/wp-content\/uploads\/2024\/03\/CSSachet_Vibe_2024-Oct-06_10-26-29PM-000_CustomizedView3654880129_png_alpha-scaled.png\" \/>\n\t<meta property=\"og:image:width\" content=\"2560\" \/>\n\t<meta property=\"og:image:height\" content=\"2560\" \/>\n\t<meta property=\"og:image:type\" content=\"image\/png\" \/>\n<script type=\"application\/ld+json\" class=\"yoast-schema-graph\">{\"@context\":\"https:\/\/schema.org\",\"@graph\":[{\"@type\":\"WebPage\",\"@id\":\"https:\/\/vibefoods.ca\/fr\/produit\/chips-de-kale-creme-sure-vegetalienne-et-oignons-verts\/\",\"url\":\"https:\/\/vibefoods.ca\/fr\/produit\/chips-de-kale-creme-sure-vegetalienne-et-oignons-verts\/\",\"name\":\"Chips de kale cr\u00e8me s\u00fbre & oignons verts | Vibe Foods\",\"isPartOf\":{\"@id\":\"https:\/\/vibefoods.ca\/#website\"},\"primaryImageOfPage\":{\"@id\":\"https:\/\/vibefoods.ca\/fr\/produit\/chips-de-kale-creme-sure-vegetalienne-et-oignons-verts\/#primaryimage\"},\"image\":{\"@id\":\"https:\/\/vibefoods.ca\/fr\/produit\/chips-de-kale-creme-sure-vegetalienne-et-oignons-verts\/#primaryimage\"},\"thumbnailUrl\":\"https:\/\/vibefoods.ca\/wp-content\/uploads\/2024\/03\/CSSachet_Vibe_2024-Oct-06_10-26-29PM-000_CustomizedView3654880129_png_alpha-1-e1733081542507-scaled.png\",\"datePublished\":\"2024-03-29T15:21:15+00:00\",\"dateModified\":\"2025-12-03T19:06:24+00:00\",\"description\":\"Go\u00fbtez nos chips de kale cr\u00e8me s\u00fbre et oignons verts : collation artisanale, croquante, keto, sans gluten et sans OGM, fabriqu\u00e9e au Qu\u00e9bec.\",\"breadcrumb\":{\"@id\":\"https:\/\/vibefoods.ca\/fr\/produit\/chips-de-kale-creme-sure-vegetalienne-et-oignons-verts\/#breadcrumb\"},\"inLanguage\":\"fr-FR\",\"potentialAction\":[{\"@type\":\"ReadAction\",\"target\":[\"https:\/\/vibefoods.ca\/fr\/produit\/chips-de-kale-creme-sure-vegetalienne-et-oignons-verts\/\"]}]},{\"@type\":\"ImageObject\",\"inLanguage\":\"fr-FR\",\"@id\":\"https:\/\/vibefoods.ca\/fr\/produit\/chips-de-kale-creme-sure-vegetalienne-et-oignons-verts\/#primaryimage\",\"url\":\"https:\/\/vibefoods.ca\/wp-content\/uploads\/2024\/03\/CSSachet_Vibe_2024-Oct-06_10-26-29PM-000_CustomizedView3654880129_png_alpha-1-e1733081542507-scaled.png\",\"contentUrl\":\"https:\/\/vibefoods.ca\/wp-content\/uploads\/2024\/03\/CSSachet_Vibe_2024-Oct-06_10-26-29PM-000_CustomizedView3654880129_png_alpha-1-e1733081542507-scaled.png\",\"width\":2560,\"height\":2560,\"caption\":\"Chips de kale, Cr\u00e8me sure v\u00e9g\u00e9talienne et oignons verts\"},{\"@type\":\"BreadcrumbList\",\"@id\":\"https:\/\/vibefoods.ca\/fr\/produit\/chips-de-kale-creme-sure-vegetalienne-et-oignons-verts\/#breadcrumb\",\"itemListElement\":[{\"@type\":\"ListItem\",\"position\":1,\"name\":\"Home\",\"item\":\"https:\/\/vibefoods.ca\/fr\/\"},{\"@type\":\"ListItem\",\"position\":2,\"name\":\"Boutique\",\"item\":\"https:\/\/vibefoods.ca\/fr\/boutique\/\"},{\"@type\":\"ListItem\",\"position\":3,\"name\":\"Chips de kale, Cr\u00e8me sure v\u00e9g\u00e9talienne et oignons verts\"}]},{\"@type\":\"WebSite\",\"@id\":\"https:\/\/vibefoods.ca\/#website\",\"url\":\"https:\/\/vibefoods.ca\/\",\"name\":\"Vibe Foods\",\"description\":\"Your ultimate healthy snack\",\"publisher\":{\"@id\":\"https:\/\/vibefoods.ca\/#organization\"},\"alternateName\":\"Aliments Vibe Foods\",\"potentialAction\":[{\"@type\":\"SearchAction\",\"target\":{\"@type\":\"EntryPoint\",\"urlTemplate\":\"https:\/\/vibefoods.ca\/?s={search_term_string}\"},\"query-input\":{\"@type\":\"PropertyValueSpecification\",\"valueRequired\":true,\"valueName\":\"search_term_string\"}}],\"inLanguage\":\"fr-FR\"},{\"@type\":\"Organization\",\"@id\":\"https:\/\/vibefoods.ca\/#organization\",\"name\":\"Vibe Foods Snacks\",\"alternateName\":\"Aliments Vibe Foods\",\"url\":\"https:\/\/vibefoods.ca\/\",\"logo\":{\"@type\":\"ImageObject\",\"inLanguage\":\"fr-FR\",\"@id\":\"https:\/\/vibefoods.ca\/#\/schema\/logo\/image\/\",\"url\":\"https:\/\/vibefoods.ca\/wp-content\/uploads\/2026\/02\/Logo_Vibe_Renverser1-basse-resolution.jpg\",\"contentUrl\":\"https:\/\/vibefoods.ca\/wp-content\/uploads\/2026\/02\/Logo_Vibe_Renverser1-basse-resolution.jpg\",\"width\":768,\"height\":768,\"caption\":\"Vibe Foods Snacks\"},\"image\":{\"@id\":\"https:\/\/vibefoods.ca\/#\/schema\/logo\/image\/\"},\"sameAs\":[\"https:\/\/www.facebook.com\/Vibesupersnacks\",\"https:\/\/www.tiktok.com\/@vibesupersnacks\",\"https:\/\/www.instagram.com\/vibesupersnacks\"]}]}<\/script>\n<!-- \/ Yoast SEO plugin. -->","yoast_head_json":{"title":"Chips de kale cr\u00e8me s\u00fbre & oignons verts | Vibe Foods","description":"Go\u00fbtez nos chips de kale cr\u00e8me s\u00fbre et oignons verts : collation artisanale, croquante, keto, sans gluten et sans OGM, fabriqu\u00e9e au Qu\u00e9bec.","robots":{"index":"index","follow":"follow","max-snippet":"max-snippet:-1","max-image-preview":"max-image-preview:large","max-video-preview":"max-video-preview:-1"},"canonical":"https:\/\/vibefoods.ca\/fr\/produit\/chips-de-kale-creme-sure-vegetalienne-et-oignons-verts\/","og_locale":"fr_FR","og_type":"article","og_title":"Chips de kale cr\u00e8me s\u00fbre & oignons verts | Vibe Foods","og_description":"Go\u00fbtez nos chips de kale cr\u00e8me s\u00fbre et oignons verts : collation artisanale, croquante, keto, sans gluten et sans OGM, fabriqu\u00e9e au Qu\u00e9bec.","og_url":"https:\/\/vibefoods.ca\/fr\/produit\/chips-de-kale-creme-sure-vegetalienne-et-oignons-verts\/","og_site_name":"Vibe Foods Snacks","article_publisher":"https:\/\/www.facebook.com\/Vibesupersnacks","article_modified_time":"2025-12-03T19:06:24+00:00","og_image":[{"width":2560,"height":2560,"url":"https:\/\/vibefoods.ca\/wp-content\/uploads\/2024\/03\/CSSachet_Vibe_2024-Oct-06_10-26-29PM-000_CustomizedView3654880129_png_alpha-scaled.png","type":"image\/png"}],"schema":{"@context":"https:\/\/schema.org","@graph":[{"@type":"WebPage","@id":"https:\/\/vibefoods.ca\/fr\/produit\/chips-de-kale-creme-sure-vegetalienne-et-oignons-verts\/","url":"https:\/\/vibefoods.ca\/fr\/produit\/chips-de-kale-creme-sure-vegetalienne-et-oignons-verts\/","name":"Chips de kale cr\u00e8me s\u00fbre & oignons verts | Vibe Foods","isPartOf":{"@id":"https:\/\/vibefoods.ca\/#website"},"primaryImageOfPage":{"@id":"https:\/\/vibefoods.ca\/fr\/produit\/chips-de-kale-creme-sure-vegetalienne-et-oignons-verts\/#primaryimage"},"image":{"@id":"https:\/\/vibefoods.ca\/fr\/produit\/chips-de-kale-creme-sure-vegetalienne-et-oignons-verts\/#primaryimage"},"thumbnailUrl":"https:\/\/vibefoods.ca\/wp-content\/uploads\/2024\/03\/CSSachet_Vibe_2024-Oct-06_10-26-29PM-000_CustomizedView3654880129_png_alpha-1-e1733081542507-scaled.png","datePublished":"2024-03-29T15:21:15+00:00","dateModified":"2025-12-03T19:06:24+00:00","description":"Go\u00fbtez nos chips de kale cr\u00e8me s\u00fbre et oignons verts : collation artisanale, croquante, keto, sans gluten et sans OGM, fabriqu\u00e9e au Qu\u00e9bec.","breadcrumb":{"@id":"https:\/\/vibefoods.ca\/fr\/produit\/chips-de-kale-creme-sure-vegetalienne-et-oignons-verts\/#breadcrumb"},"inLanguage":"fr-FR","potentialAction":[{"@type":"ReadAction","target":["https:\/\/vibefoods.ca\/fr\/produit\/chips-de-kale-creme-sure-vegetalienne-et-oignons-verts\/"]}]},{"@type":"ImageObject","inLanguage":"fr-FR","@id":"https:\/\/vibefoods.ca\/fr\/produit\/chips-de-kale-creme-sure-vegetalienne-et-oignons-verts\/#primaryimage","url":"https:\/\/vibefoods.ca\/wp-content\/uploads\/2024\/03\/CSSachet_Vibe_2024-Oct-06_10-26-29PM-000_CustomizedView3654880129_png_alpha-1-e1733081542507-scaled.png","contentUrl":"https:\/\/vibefoods.ca\/wp-content\/uploads\/2024\/03\/CSSachet_Vibe_2024-Oct-06_10-26-29PM-000_CustomizedView3654880129_png_alpha-1-e1733081542507-scaled.png","width":2560,"height":2560,"caption":"Chips de kale, Cr\u00e8me sure v\u00e9g\u00e9talienne et oignons verts"},{"@type":"BreadcrumbList","@id":"https:\/\/vibefoods.ca\/fr\/produit\/chips-de-kale-creme-sure-vegetalienne-et-oignons-verts\/#breadcrumb","itemListElement":[{"@type":"ListItem","position":1,"name":"Home","item":"https:\/\/vibefoods.ca\/fr\/"},{"@type":"ListItem","position":2,"name":"Boutique","item":"https:\/\/vibefoods.ca\/fr\/boutique\/"},{"@type":"ListItem","position":3,"name":"Chips de kale, Cr\u00e8me sure v\u00e9g\u00e9talienne et oignons verts"}]},{"@type":"WebSite","@id":"https:\/\/vibefoods.ca\/#website","url":"https:\/\/vibefoods.ca\/","name":"Vibe Foods","description":"Your ultimate healthy snack","publisher":{"@id":"https:\/\/vibefoods.ca\/#organization"},"alternateName":"Aliments Vibe Foods","potentialAction":[{"@type":"SearchAction","target":{"@type":"EntryPoint","urlTemplate":"https:\/\/vibefoods.ca\/?s={search_term_string}"},"query-input":{"@type":"PropertyValueSpecification","valueRequired":true,"valueName":"search_term_string"}}],"inLanguage":"fr-FR"},{"@type":"Organization","@id":"https:\/\/vibefoods.ca\/#organization","name":"Vibe Foods Snacks","alternateName":"Aliments Vibe Foods","url":"https:\/\/vibefoods.ca\/","logo":{"@type":"ImageObject","inLanguage":"fr-FR","@id":"https:\/\/vibefoods.ca\/#\/schema\/logo\/image\/","url":"https:\/\/vibefoods.ca\/wp-content\/uploads\/2026\/02\/Logo_Vibe_Renverser1-basse-resolution.jpg","contentUrl":"https:\/\/vibefoods.ca\/wp-content\/uploads\/2026\/02\/Logo_Vibe_Renverser1-basse-resolution.jpg","width":768,"height":768,"caption":"Vibe Foods Snacks"},"image":{"@id":"https:\/\/vibefoods.ca\/#\/schema\/logo\/image\/"},"sameAs":["https:\/\/www.facebook.com\/Vibesupersnacks","https:\/\/www.tiktok.com\/@vibesupersnacks","https:\/\/www.instagram.com\/vibesupersnacks"]}]}},"_links":{"self":[{"href":"https:\/\/vibefoods.ca\/fr\/wp-json\/wp\/v2\/product\/4179","targetHints":{"allow":["GET"]}}],"collection":[{"href":"https:\/\/vibefoods.ca\/fr\/wp-json\/wp\/v2\/product"}],"about":[{"href":"https:\/\/vibefoods.ca\/fr\/wp-json\/wp\/v2\/types\/product"}],"version-history":[{"count":1,"href":"https:\/\/vibefoods.ca\/fr\/wp-json\/wp\/v2\/product\/4179\/revisions"}],"predecessor-version":[{"id":5165,"href":"https:\/\/vibefoods.ca\/fr\/wp-json\/wp\/v2\/product\/4179\/revisions\/5165"}],"wp:featuredmedia":[{"embeddable":true,"href":"https:\/\/vibefoods.ca\/fr\/wp-json\/wp\/v2\/media\/4555"}],"wp:attachment":[{"href":"https:\/\/vibefoods.ca\/fr\/wp-json\/wp\/v2\/media?parent=4179"}],"wp:term":[{"taxonomy":"product_brand","embeddable":true,"href":"https:\/\/vibefoods.ca\/fr\/wp-json\/wp\/v2\/product_brand?post=4179"},{"taxonomy":"product_cat","embeddable":true,"href":"https:\/\/vibefoods.ca\/fr\/wp-json\/wp\/v2\/product_cat?post=4179"},{"taxonomy":"product_tag","embeddable":true,"href":"https:\/\/vibefoods.ca\/fr\/wp-json\/wp\/v2\/product_tag?post=4179"}],"curies":[{"name":"wp","href":"https:\/\/api.w.org\/{rel}","templated":true}]}}